{"id":36,"date":"2024-12-12T21:30:20","date_gmt":"2024-12-12T21:30:20","guid":{"rendered":"https:\/\/econ.bilkent.edu.tr\/?page_id=36"},"modified":"2025-09-17T15:07:56","modified_gmt":"2025-09-17T12:07:56","slug":"graduate-students","status":"publish","type":"page","link":"https:\/\/econ.bilkent.edu.tr\/?page_id=36","title":{"rendered":"Graduate Students"},"content":{"rendered":"<h3>Graduate Students<\/h3>\n<p>Our graduate students are engaged in advanced research across a wide range of economic topics. They contribute actively to the academic life of the department through seminars, collaborations, and conference participation.<\/p>\n\n    <style>\n        .people-grid {\n            display: flex;\n            flex-wrap: wrap;\n            margin: 0 -10px;\n        }\n        .people-card {\n            width: calc(33.33% - 20px);\n            margin: 10px;\n            border: 1px solid #eee;\n            padding: 15px;\n            box-sizing: border-box;\n            overflow: hidden;\n        }\n        .people-photo {\n            width: 150px;\n            height: 180px;\n            float: left;\n            margin-right: 15px;\n            margin-bottom: 10px;\n            overflow: hidden;\n        }\n        .people-photo img {\n            width: 100%;\n            height: auto;\n            object-fit: cover;\n            display: block;\n        }\n        .people-info {\n            overflow: hidden;\n        }\n        .people-info h3 {\n            margin: 0 0 5px 0;\n            font-size: 16px;\n        }\n        .people-info p {\n            margin: 3px 0;\n            font-size: 14px;\n            line-height: 1.4;\n        }\n        .leave-status {\n            color: #000000;\n            font-style: italic;\n            margin-top: 5px;\n        }\n        .position-info {\n            font-weight: bold;\n            color: #2271b1;\n            margin-top: 5px;\n        }\n        .phd-info {\n            margin-top: 8px;\n            font-style: italic;\n            color: #555;\n        }\n        .research-preview {\n            color: #555;\n            margin-top: 5px;\n            font-size: 13px;\n        }\n        .view-profile {\n            display: inline-block;\n            margin-top: 10px;\n            font-size: 14px;\n            color: #2271b1;\n            text-decoration: none;\n            border: 1px solid #2271b1;\n            padding: 3px 10px;\n            border-radius: 3px;\n        }\n        .view-profile:hover {\n            background: #2271b1;\n            color: white;\n        }\n        .website-link {\n            margin-top: 8px;\n        }\n        .website-link a {\n            display: inline-block;\n            color: #2271b1;\n            text-decoration: none;\n        }\n        .website-link a:hover {\n            text-decoration: underline;\n        }\n        @media (max-width: 768px) {\n            .people-card {\n                width: calc(50% - 20px);\n            }\n            .people-photo {\n                width: 120px;\n                height: 150px;\n            }\n        }\n        @media (max-width: 480px) {\n            .people-card {\n                width: calc(100% - 20px);\n            }\n            .people-photo {\n                width: 100px;\n                height: 130px;\n            }\n        }\n    <\/style><div class=\"people-grid\"><div class=\"people-card\"><div class=\"people-photo\"><img decoding=\"async\" src=\"https:\/\/econ.bilkent.edu.tr\/wp-content\/uploads\/2025\/09\/Aliya-Abbasli.jpg\" alt=\"Aliya Abbasli\" \/><\/div><div class=\"people-info\"><h3><a href=\"https:\/\/econ.bilkent.edu.tr\/?people=abbaslialiya\">Aliya Abbasli<\/a><\/h3><p><em>M.A. Student<\/em><\/p><p><strong>Email:<\/strong> aliya.abbasli[at]bilkent.edu.tr<\/p><p><strong>Office:<\/strong> A-225<\/p><p><strong>Phone:<\/strong> 1864<\/p><\/div><\/div><div class=\"people-card\"><div class=\"people-photo\"><img decoding=\"async\" src=\"https:\/\/econ.bilkent.edu.tr\/wp-content\/uploads\/2025\/09\/Beyzanur-Akpinar.jpg\" alt=\"Beyzanur Akp\u0131nar\" \/><\/div><div class=\"people-info\"><h3><a href=\"https:\/\/econ.bilkent.edu.tr\/?people=akpinarbeyzanur\">Beyzanur Akp\u0131nar<\/a><\/h3><p><em>M.A. Student<\/em><\/p><p><strong>Email:<\/strong> beyzanur.akpinar[at]bilkent.edu.tr<\/p><p><strong>Office:<\/strong> A-225<\/p><p><strong>Phone:<\/strong> 1864<\/p><\/div><\/div><div class=\"people-card\"><div class=\"people-photo\"><img decoding=\"async\" src=\"https:\/\/econ.bilkent.edu.tr\/wp-content\/uploads\/2025\/04\/Hakan-ArkaA.jpg\" alt=\"Hakan Arka\u00e7\" \/><\/div><div class=\"people-info\"><h3><a href=\"https:\/\/econ.bilkent.edu.tr\/?people=hakan-arkac\">Hakan Arka\u00e7<\/a><\/h3><p><em>M.A. Student<\/em><\/p><p><strong>Email:<\/strong> hakan.arkac[at]bilkent.edu.tr<\/p><p><strong>Office:<\/strong> A-226<\/p><p><strong>Phone:<\/strong> 2725<\/p><\/div><\/div><div class=\"people-card\"><div class=\"people-photo\"><img decoding=\"async\" src=\"https:\/\/econ.bilkent.edu.tr\/wp-content\/uploads\/2025\/09\/Melis-Basol.jpg\" alt=\"Melis Ba\u015fol\" \/><\/div><div class=\"people-info\"><h3><a href=\"https:\/\/econ.bilkent.edu.tr\/?people=basolmelis\">Melis Ba\u015fol<\/a><\/h3><p><em>M.A. Student<\/em><\/p><p><strong>Email:<\/strong> melis.basol[at]bilkent.edu.tr<\/p><p><strong>Office:<\/strong> A-225<\/p><p><strong>Phone:<\/strong> 1864<\/p><\/div><\/div><div class=\"people-card\"><div class=\"people-photo\"><img decoding=\"async\" src=\"https:\/\/econ.bilkent.edu.tr\/wp-content\/uploads\/2025\/04\/Muhammet-Can.jpg\" alt=\"Muhammet Ali Can\u015f\u0131\" \/><\/div><div class=\"people-info\"><h3><a href=\"https:\/\/econ.bilkent.edu.tr\/?people=muhammet-ali-cansi\">Muhammet Ali Can\u015f\u0131<\/a><\/h3><p><em>Ph.D. Student<\/em><\/p><p><strong>Email:<\/strong> ali.cansi[at]bilkent.edu.tr<\/p><p><strong>Office:<\/strong> A-115<\/p><p><strong>Phone:<\/strong> 4273<\/p><p class=\"website-link\"><a href=\"https:\/\/cansi.bilkent.edu.tr\" target=\"_blank\">Personal Website<\/a><\/p><\/div><\/div><div class=\"people-card\"><div class=\"people-photo\"><img decoding=\"async\" src=\"https:\/\/econ.bilkent.edu.tr\/wp-content\/uploads\/2025\/03\/Utku-Cam.jpg\" alt=\"Utku \u00c7am\" \/><\/div><div class=\"people-info\"><h3><a href=\"https:\/\/econ.bilkent.edu.tr\/?people=utku-cam\">Utku \u00c7am<\/a><\/h3><p><em>Ph.D. Student<\/em><\/p><p><strong>Email:<\/strong> utku.cam[at]bilkent.edu.tr<\/p><p><strong>Office:<\/strong> MA-220<\/p><p><strong>Phone:<\/strong> 1864<\/p><p class=\"website-link\"><a href=\"https:\/\/utkucam.com\" target=\"_blank\">Personal Website<\/a><\/p><\/div><\/div><div class=\"people-card\"><div class=\"people-photo\"><img decoding=\"async\" src=\"https:\/\/econ.bilkent.edu.tr\/wp-content\/uploads\/2025\/04\/Berkay-atal.jpg\" alt=\"Berkay \u00c7atal\" \/><\/div><div class=\"people-info\"><h3><a href=\"https:\/\/econ.bilkent.edu.tr\/?people=berkay-catal\">Berkay \u00c7atal<\/a><\/h3><p><em>M.A. Student<\/em><\/p><p><strong>Email:<\/strong> berkay.catal[at]bilkent.edu.tr<\/p><p><strong>Office:<\/strong> A-226<\/p><p><strong>Phone:<\/strong> 2725<\/p><\/div><\/div><div class=\"people-card\"><div class=\"people-photo\"><img decoding=\"async\" src=\"https:\/\/econ.bilkent.edu.tr\/wp-content\/uploads\/2025\/04\/Serhan-Dal.jpg\" alt=\"Serhan Da\u011fl\u0131\" \/><\/div><div class=\"people-info\"><h3><a href=\"https:\/\/econ.bilkent.edu.tr\/?people=serhan-dagli\">Serhan Da\u011fl\u0131<\/a><\/h3><p><em>M.A. Student<\/em><\/p><p><strong>Email:<\/strong> serhan.dagli[at]bilkent.edu.tr<\/p><p><strong>Office:<\/strong> A-226<\/p><p><strong>Phone:<\/strong> 2725<\/p><\/div><\/div><div class=\"people-card\"><div class=\"people-photo\"><img decoding=\"async\" src=\"https:\/\/econ.bilkent.edu.tr\/wp-content\/uploads\/2025\/04\/Tolga-Dili.jpg\" alt=\"Tolga Di\u015f\u00e7i\" \/><\/div><div class=\"people-info\"><h3><a href=\"https:\/\/econ.bilkent.edu.tr\/?people=tolga-disci\">Tolga Di\u015f\u00e7i<\/a><\/h3><p><em>M.A. Student<\/em><\/p><p><strong>Email:<\/strong> tolga.disci[at]bilkent.edu.tr<\/p><p><strong>Office:<\/strong> A-226<\/p><p><strong>Phone:<\/strong> 2725<\/p><\/div><\/div><div class=\"people-card\"><div class=\"people-photo\"><img decoding=\"async\" src=\"https:\/\/econ.bilkent.edu.tr\/wp-content\/uploads\/2025\/09\/Atakan-Dizarlar.jpg\" alt=\"Atakan Dizarlar\" \/><\/div><div class=\"people-info\"><h3><a href=\"https:\/\/econ.bilkent.edu.tr\/?people=dizarlaratakan\">Atakan Dizarlar<\/a><\/h3><p><em>Ph.D. Student<\/em><\/p><p><strong>Email:<\/strong> atakan.dizarlar[at]bilkent.edu.tr<\/p><p><strong>Office:<\/strong> MA-220<\/p><p><strong>Phone:<\/strong> 2346<\/p><\/div><\/div><div class=\"people-card\"><div class=\"people-photo\"><img decoding=\"async\" src=\"https:\/\/econ.bilkent.edu.tr\/wp-content\/uploads\/2025\/03\/ersoy.jpg\" alt=\"Oral Ersoy Dokumac\u0131\" \/><\/div><div class=\"people-info\"><h3><a href=\"https:\/\/econ.bilkent.edu.tr\/?people=oral-ersoy-dokumaci\">Oral Ersoy Dokumac\u0131<\/a><\/h3><p><em>Ph.D. Candidate<\/em><\/p><p><strong>Email:<\/strong> ersoy.dokumaci[at]bilkent.edu.tr<\/p><p><strong>Office:<\/strong> A-115<\/p><p><strong>Phone:<\/strong> 4273<\/p><\/div><\/div><div class=\"people-card\"><div class=\"people-photo\"><img decoding=\"async\" src=\"https:\/\/econ.bilkent.edu.tr\/wp-content\/uploads\/2025\/09\/Alper-Durmus.jpg\" alt=\"Alper Durmu\u015f\" \/><\/div><div class=\"people-info\"><h3><a href=\"https:\/\/econ.bilkent.edu.tr\/?people=durmusalper\">Alper Durmu\u015f<\/a><\/h3><p><em>M.A. Student<\/em><\/p><p><strong>Email:<\/strong> alper.durmus[at]bilkent.edu.tr<\/p><p><strong>Office:<\/strong> A-225<\/p><p><strong>Phone:<\/strong> 1864<\/p><\/div><\/div><div class=\"people-card\"><div class=\"people-photo\"><img decoding=\"async\" src=\"https:\/\/econ.bilkent.edu.tr\/wp-content\/uploads\/2025\/03\/sila-erikci-foto.jpeg\" alt=\"Fatma S\u0131la Erikci\" \/><\/div><div class=\"people-info\"><h3><a href=\"https:\/\/econ.bilkent.edu.tr\/?people=fatma-sila-erikci\">Fatma S\u0131la Erikci<\/a><\/h3><p><em>Ph.D. Candidate<\/em><\/p><p><strong>Email:<\/strong> sila.erikci[at]bilkent.edu.tr<\/p><p><strong>Office:<\/strong> A-115<\/p><p><strong>Phone:<\/strong> 4273<\/p><\/div><\/div><div class=\"people-card\"><div class=\"people-photo\"><img decoding=\"async\" src=\"https:\/\/econ.bilkent.edu.tr\/wp-content\/uploads\/2025\/04\/Mahmut-Sefa-pek.jpg\" alt=\"Mahmut Sefa \u0130pek\" \/><\/div><div class=\"people-info\"><h3><a href=\"https:\/\/econ.bilkent.edu.tr\/?people=mahmut-sefa-ipek\">Mahmut Sefa \u0130pek<\/a><\/h3><p><em>Ph.D. Student<\/em><\/p><p><strong>Email:<\/strong> mahmuts[at]bilkent.edu.tr<\/p><p><strong>Office:<\/strong> A-115<\/p><p><strong>Phone:<\/strong> 4273<\/p><p class=\"website-link\"><a href=\"https:\/\/mahmuts.bilkent.edu.tr\/\" target=\"_blank\">Personal Website<\/a><\/p><\/div><\/div><div class=\"people-card\"><div class=\"people-photo\"><img decoding=\"async\" src=\"https:\/\/econ.bilkent.edu.tr\/wp-content\/uploads\/2025\/03\/cagla.jpg\" alt=\"\u00c7a\u011fla \u0130plik\u00e7i Lee\" \/><\/div><div class=\"people-info\"><h3><a href=\"https:\/\/econ.bilkent.edu.tr\/?people=cagla-iplikci\">\u00c7a\u011fla \u0130plik\u00e7i Lee<\/a><\/h3><p><em>Ph.D. Candidate<\/em><\/p><p><strong>Email:<\/strong> cagla.iplikci[at]bilkent.edu.tr<\/p><p><strong>Office:<\/strong> MA-220<\/p><p><strong>Phone:<\/strong> 2346<\/p><\/div><\/div><div class=\"people-card\"><div class=\"people-photo\"><img decoding=\"async\" src=\"https:\/\/econ.bilkent.edu.tr\/wp-content\/uploads\/2025\/04\/ar-Kartal.jpg\" alt=\"Mehmet \u00c7a\u011fr\u0131 Kartal\" \/><\/div><div class=\"people-info\"><h3><a href=\"https:\/\/econ.bilkent.edu.tr\/?people=mehmet-cagri-kartal\">Mehmet \u00c7a\u011fr\u0131 Kartal<\/a><\/h3><p><em>M.A. Student<\/em><\/p><p><strong>Email:<\/strong> cagri.kartal[at]bilkent.edu.tr<\/p><p><strong>Office:<\/strong> A-226<\/p><p><strong>Phone:<\/strong> 2725<\/p><\/div><\/div><div class=\"people-card\"><div class=\"people-photo\"><img decoding=\"async\" src=\"https:\/\/econ.bilkent.edu.tr\/wp-content\/uploads\/2025\/09\/Yarkin-Kocabas.jpg\" alt=\"Yark\u0131n Kocaba\u015f\" \/><\/div><div class=\"people-info\"><h3><a href=\"https:\/\/econ.bilkent.edu.tr\/?people=kocabasyarkin\">Yark\u0131n Kocaba\u015f<\/a><\/h3><p><em>M.A. Student<\/em><\/p><p><strong>Email:<\/strong> yarkin.kocabas[at]bilkent.edu.tr<\/p><p><strong>Office:<\/strong> A-225<\/p><p><strong>Phone:<\/strong> 1864<\/p><\/div><\/div><div class=\"people-card\"><div class=\"people-photo\"><img decoding=\"async\" src=\"https:\/\/econ.bilkent.edu.tr\/wp-content\/uploads\/2025\/09\/Meaza-Abuhay.jpg\" alt=\"Meaza Abuhay Koyachew\" \/><\/div><div class=\"people-info\"><h3><a href=\"https:\/\/econ.bilkent.edu.tr\/?people=koyachewmeaza-abuhay\">Meaza Abuhay Koyachew<\/a><\/h3><p><em>M.A. Student<\/em><\/p><p><strong>Email:<\/strong> abuhay.koyachew[at]bilkent.edu.tr<\/p><p><strong>Office:<\/strong> A-225<\/p><p><strong>Phone:<\/strong> 1864<\/p><\/div><\/div><div class=\"people-card\"><div class=\"people-photo\"><img decoding=\"async\" src=\"https:\/\/econ.bilkent.edu.tr\/wp-content\/uploads\/2025\/09\/Kazim-Tugsad-Koyuncu.jpg\" alt=\"Kaz\u0131m Tu\u011f\u015fad Koyuncu\" \/><\/div><div class=\"people-info\"><h3><a href=\"https:\/\/econ.bilkent.edu.tr\/?people=koyuncukazim-tugsad\">Kaz\u0131m Tu\u011f\u015fad Koyuncu<\/a><\/h3><p><em>M.A. Student<\/em><\/p><p><strong>Email:<\/strong> tugsad.koyuncu[at]bilkent.edu.tr<\/p><p><strong>Office:<\/strong> A-225<\/p><p><strong>Phone:<\/strong> 1864<\/p><\/div><\/div><div class=\"people-card\"><div class=\"people-photo\"><img decoding=\"async\" src=\"https:\/\/econ.bilkent.edu.tr\/wp-content\/uploads\/2025\/03\/maria.jpg\" alt=\"Marie Leka\" \/><\/div><div class=\"people-info\"><h3><a href=\"https:\/\/econ.bilkent.edu.tr\/?people=marie-leka\">Marie Leka<\/a><\/h3><p><em>Ph.D. Candidate<\/em><\/p><p><strong>Email:<\/strong> marie.leka[at]bilkent.edu.tr<\/p><p><strong>Office:<\/strong> A-115<\/p><p><strong>Phone:<\/strong> 4273<\/p><p class=\"website-link\"><a href=\"https:\/\/sites.google.com\/view\/marieleka\" target=\"_blank\">Personal Website<\/a><\/p><\/div><\/div><div class=\"people-card\"><div class=\"people-photo\"><img decoding=\"async\" src=\"https:\/\/econ.bilkent.edu.tr\/wp-content\/uploads\/2025\/04\/Uygar-Modal.jpg\" alt=\"Uygar Modal\u0131\" \/><\/div><div class=\"people-info\"><h3><a href=\"https:\/\/econ.bilkent.edu.tr\/?people=uygar-modali\">Uygar Modal\u0131<\/a><\/h3><p><em>M.A. Student<\/em><\/p><p><strong>Email:<\/strong> uygar.modali[at]bilkent.edu.tr<\/p><p><strong>Office:<\/strong> A-226<\/p><p><strong>Phone:<\/strong> 2725<\/p><\/div><\/div><div class=\"people-card\"><div class=\"people-photo\"><img decoding=\"async\" src=\"https:\/\/econ.bilkent.edu.tr\/wp-content\/uploads\/2025\/09\/Irem-Ozemre.jpg\" alt=\"\u0130rem \u00d6zemre\" \/><\/div><div class=\"people-info\"><h3><a href=\"https:\/\/econ.bilkent.edu.tr\/?people=ozemreirem\">\u0130rem \u00d6zemre<\/a><\/h3><p><em>M.A. Student<\/em><\/p><p><strong>Email:<\/strong> irem.ozemre[at]bilkent.edu.tr<\/p><p><strong>Office:<\/strong> A-225<\/p><p><strong>Phone:<\/strong> 1864<\/p><\/div><\/div><div class=\"people-card\"><div class=\"people-photo\"><img decoding=\"async\" src=\"https:\/\/econ.bilkent.edu.tr\/wp-content\/uploads\/2025\/09\/Betul-Sila-Pehlivan.jpg\" alt=\"Bet\u00fcl S\u0131la Pehlivan\" \/><\/div><div class=\"people-info\"><h3><a href=\"https:\/\/econ.bilkent.edu.tr\/?people=pehlivanbetul-sila\">Bet\u00fcl S\u0131la Pehlivan<\/a><\/h3><p><em>M.A. Student<\/em><\/p><p><strong>Email:<\/strong> betul.pehlivan[at]bilkent.edu.tr<\/p><p><strong>Office:<\/strong> A-225<\/p><p><strong>Phone:<\/strong> 1864<\/p><\/div><\/div><div class=\"people-card\"><div class=\"people-photo\"><img decoding=\"async\" src=\"https:\/\/econ.bilkent.edu.tr\/wp-content\/uploads\/2025\/04\/Asad-Qazi.jpg\" alt=\"Asad Ahmed Qazi\" \/><\/div><div class=\"people-info\"><h3><a href=\"https:\/\/econ.bilkent.edu.tr\/?people=asad-ahmed-qazi\">Asad Ahmed Qazi<\/a><\/h3><p><em>M.A. Student<\/em><\/p><p><strong>Email:<\/strong> ahmed.qazi[at]bilkent.edu.tr<\/p><p><strong>Office:<\/strong> A-226<\/p><p><strong>Phone:<\/strong> 2725<\/p><\/div><\/div><div class=\"people-card\"><div class=\"people-photo\"><img decoding=\"async\" src=\"https:\/\/econ.bilkent.edu.tr\/wp-content\/uploads\/2025\/04\/Soomro.jpg\" alt=\"Muhammad Khuzaima Soomro\" \/><\/div><div class=\"people-info\"><h3><a href=\"https:\/\/econ.bilkent.edu.tr\/?people=muhammad-khuzaima-soomro\">Muhammad Khuzaima Soomro<\/a><\/h3><p><em>M.A. Student<\/em><\/p><p><strong>Email:<\/strong> khuzaima.soomro[at]bilkent.edu.tr<\/p><p><strong>Office:<\/strong> A-226<\/p><p><strong>Phone:<\/strong> 2725<\/p><\/div><\/div><div class=\"people-card\"><div class=\"people-photo\"><img decoding=\"async\" src=\"https:\/\/econ.bilkent.edu.tr\/wp-content\/uploads\/2025\/03\/Kardelen-Sural.jpg\" alt=\"Kardelen Sural\" \/><\/div><div class=\"people-info\"><h3><a href=\"https:\/\/econ.bilkent.edu.tr\/?people=kardelen-sural\">Kardelen Sural<\/a><\/h3><p><em>M.A. Student<\/em><\/p><p><strong>Email:<\/strong> kardelen.sural[at]bilkent.edu.tr<\/p><p><strong>Office:<\/strong> A-226<\/p><p><strong>Phone:<\/strong> 2725<\/p><\/div><\/div><div class=\"people-card\"><div class=\"people-photo\"><img decoding=\"async\" src=\"https:\/\/econ.bilkent.edu.tr\/wp-content\/uploads\/2025\/09\/Cem-Ufuk-Sahin.jpg\" alt=\"Cem Ufuk \u015eahin\" \/><\/div><div class=\"people-info\"><h3><a href=\"https:\/\/econ.bilkent.edu.tr\/?people=sahincem-ufuk\">Cem Ufuk \u015eahin<\/a><\/h3><p><em>M.A. Student<\/em><\/p><p><strong>Email:<\/strong> cem.sahin[at]bilkent.edu.tr<\/p><p><strong>Office:<\/strong> A-225<\/p><p><strong>Phone:<\/strong> 1864<\/p><\/div><\/div><div class=\"people-card\"><div class=\"people-photo\"><img decoding=\"async\" src=\"https:\/\/econ.bilkent.edu.tr\/wp-content\/uploads\/2025\/03\/Begum.jpg\" alt=\"G\u00f6k\u00e7en Beg\u00fcm Tezekici\" \/><\/div><div class=\"people-info\"><h3><a href=\"https:\/\/econ.bilkent.edu.tr\/?people=gokcen-begum-tezekici\">G\u00f6k\u00e7en Beg\u00fcm Tezekici<\/a><\/h3><p><em>M.A. Student<\/em><\/p><p><strong>Email:<\/strong> begum.tezekici[at]bilkent.edu.tr<\/p><p><strong>Office:<\/strong> A-226<\/p><p><strong>Phone:<\/strong> 2725<\/p><\/div><\/div><div class=\"people-card\"><div class=\"people-photo\"><img decoding=\"async\" src=\"https:\/\/econ.bilkent.edu.tr\/wp-content\/uploads\/2025\/09\/Ahmet-Uzun.jpg\" alt=\"Ahmet Tikici\" \/><\/div><div class=\"people-info\"><h3><a href=\"https:\/\/econ.bilkent.edu.tr\/?people=tikici-ahmet\">Ahmet Tikici<\/a><\/h3><p><em>M.A. Student<\/em><\/p><p><strong>Email:<\/strong> ahmet.tikici[at]bilkent.edu.tr<\/p><p><strong>Office:<\/strong> A-225<\/p><p><strong>Phone:<\/strong> 1864<\/p><\/div><\/div><div class=\"people-card\"><div class=\"people-photo\"><img decoding=\"async\" src=\"https:\/\/econ.bilkent.edu.tr\/wp-content\/uploads\/2025\/04\/Engin-Toker.jpg\" alt=\"Engin Toker\" \/><\/div><div class=\"people-info\"><h3><a href=\"https:\/\/econ.bilkent.edu.tr\/?people=tokerengin\">Engin Toker<\/a><\/h3><p><em>M.A. Student<\/em><\/p><p><strong>Email:<\/strong> engin.toker[at]bilkent.edu.tr<\/p><p><strong>Office:<\/strong> A-226<\/p><p><strong>Phone:<\/strong> 2725<\/p><\/div><\/div><div class=\"people-card\"><div class=\"people-photo\"><img decoding=\"async\" src=\"https:\/\/econ.bilkent.edu.tr\/wp-content\/uploads\/2025\/04\/Fatma-Senem-Turan.jpg\" alt=\"Fatma Senem Turan\" \/><\/div><div class=\"people-info\"><h3><a href=\"https:\/\/econ.bilkent.edu.tr\/?people=fatma-senem-turan\">Fatma Senem Turan<\/a><\/h3><p><em>Ph.D. Student<\/em><\/p><p><strong>Email:<\/strong> senem.turan[at]bilkent.edu.tr<\/p><p><strong>Office:<\/strong> MA-220<\/p><p><strong>Phone:<\/strong> 2346<\/p><\/div><\/div><div class=\"people-card\"><div class=\"people-photo\"><img decoding=\"async\" src=\"https:\/\/econ.bilkent.edu.tr\/wp-content\/uploads\/2025\/04\/Ahmet-Uzun.jpg\" alt=\"Ahmed Uzun\" \/><\/div><div class=\"people-info\"><h3><a href=\"https:\/\/econ.bilkent.edu.tr\/?people=ahmet-uzun\">Ahmed Uzun<\/a><\/h3><p><em>M.A. Student<\/em><\/p><p><strong>Email:<\/strong> ahmed.uzun[at]bilkent.edu.tr<\/p><p><strong>Office:<\/strong> A-226<\/p><p><strong>Phone:<\/strong> 2725<\/p><\/div><\/div><div class=\"people-card\"><div class=\"people-photo\"><img decoding=\"async\" src=\"https:\/\/econ.bilkent.edu.tr\/wp-content\/uploads\/2025\/09\/Salih-Yavuz-Yaman.jpg\" alt=\"Salih Yavuz Yaman\" \/><\/div><div class=\"people-info\"><h3><a href=\"https:\/\/econ.bilkent.edu.tr\/?people=yamansalih-yavuz\">Salih Yavuz Yaman<\/a><\/h3><p><em>M.A. Student<\/em><\/p><p><strong>Email:<\/strong> yavuz.yaman[at]bilkent.edu.tr<\/p><p><strong>Office:<\/strong> A-225<\/p><p><strong>Phone:<\/strong> 1864<\/p><\/div><\/div><div class=\"people-card\"><div class=\"people-photo\"><img decoding=\"async\" src=\"https:\/\/econ.bilkent.edu.tr\/wp-content\/uploads\/2025\/09\/Omer-Osman-Yavlak.jpg\" alt=\"\u00d6mer Osman Yavlak\" \/><\/div><div class=\"people-info\"><h3><a href=\"https:\/\/econ.bilkent.edu.tr\/?people=yavlakomer-osman\">\u00d6mer Osman Yavlak<\/a><\/h3><p><em>M.A. Student<\/em><\/p><p><strong>Email:<\/strong> omer.yavlak[at]bilkent.edu.tr<\/p><p><strong>Office:<\/strong> A-225<\/p><p><strong>Phone:<\/strong> 1864<\/p><\/div><\/div><\/div>\n","protected":false},"excerpt":{"rendered":"<p>Graduate Students Our graduate students are engaged in advanced research across a wide range of economic topics. They contribute actively to the academic life of the department through seminars, collaborations, and conference participation.<\/p>\n","protected":false},"author":1,"featured_media":0,"parent":14,"menu_order":2,"comment_status":"closed","ping_status":"closed","template":"","meta":{"_acf_changed":false,"footnotes":""},"class_list":["post-36","page","type-page","status-publish","hentry"],"acf":[],"_links":{"self":[{"href":"https:\/\/econ.bilkent.edu.tr\/index.php?rest_route=\/wp\/v2\/pages\/36","targetHints":{"allow":["GET"]}}],"collection":[{"href":"https:\/\/econ.bilkent.edu.tr\/index.php?rest_route=\/wp\/v2\/pages"}],"about":[{"href":"https:\/\/econ.bilkent.edu.tr\/index.php?rest_route=\/wp\/v2\/types\/page"}],"author":[{"embeddable":true,"href":"https:\/\/econ.bilkent.edu.tr\/index.php?rest_route=\/wp\/v2\/users\/1"}],"replies":[{"embeddable":true,"href":"https:\/\/econ.bilkent.edu.tr\/index.php?rest_route=%2Fwp%2Fv2%2Fcomments&post=36"}],"version-history":[{"count":22,"href":"https:\/\/econ.bilkent.edu.tr\/index.php?rest_route=\/wp\/v2\/pages\/36\/revisions"}],"predecessor-version":[{"id":4559,"href":"https:\/\/econ.bilkent.edu.tr\/index.php?rest_route=\/wp\/v2\/pages\/36\/revisions\/4559"}],"up":[{"embeddable":true,"href":"https:\/\/econ.bilkent.edu.tr\/index.php?rest_route=\/wp\/v2\/pages\/14"}],"wp:attachment":[{"href":"https:\/\/econ.bilkent.edu.tr\/index.php?rest_route=%2Fwp%2Fv2%2Fmedia&parent=36"}],"curies":[{"name":"wp","href":"https:\/\/api.w.org\/{rel}","templated":true}]}}