{"id":39,"date":"2024-12-12T21:32:28","date_gmt":"2024-12-12T21:32:28","guid":{"rendered":"https:\/\/econ.bilkent.edu.tr\/?page_id=39"},"modified":"2025-04-16T16:46:10","modified_gmt":"2025-04-16T16:46:10","slug":"faculty","status":"publish","type":"page","link":"https:\/\/econ.bilkent.edu.tr\/?page_id=39","title":{"rendered":"Faculty"},"content":{"rendered":"<h3>Faculty members<\/h3>\n<p>\nOur faculty consists of internationally recognized scholars with diverse research interests spanning all major areas of economics. They are actively involved in both cutting-edge research and graduate and undergraduate teaching.\n<\/p>\n\n    <style>\n        .people-grid {\n            display: flex;\n            flex-wrap: wrap;\n            margin: 0 -10px;\n        }\n        .people-card {\n            width: calc(33.33% - 20px);\n            margin: 10px;\n            border: 1px solid #eee;\n            padding: 15px;\n            box-sizing: border-box;\n            overflow: hidden;\n        }\n        .people-photo {\n            width: 150px;\n            height: 180px;\n            float: left;\n            margin-right: 15px;\n            margin-bottom: 10px;\n            overflow: hidden;\n        }\n        .people-photo img {\n            width: 100%;\n            height: auto;\n            object-fit: cover;\n            display: block;\n        }\n        .people-info {\n            overflow: hidden;\n        }\n        .people-info h3 {\n            margin: 0 0 5px 0;\n            font-size: 16px;\n        }\n        .people-info p {\n            margin: 3px 0;\n            font-size: 14px;\n            line-height: 1.4;\n        }\n        .leave-status {\n            color: #000000;\n            font-style: italic;\n            margin-top: 5px;\n        }\n        .position-info {\n            font-weight: bold;\n            color: #2271b1;\n            margin-top: 5px;\n        }\n        .phd-info {\n            margin-top: 8px;\n            font-style: italic;\n            color: #555;\n        }\n        .research-preview {\n            color: #555;\n            margin-top: 5px;\n            font-size: 13px;\n        }\n        .view-profile {\n            display: inline-block;\n            margin-top: 10px;\n            font-size: 14px;\n            color: #2271b1;\n            text-decoration: none;\n            border: 1px solid #2271b1;\n            padding: 3px 10px;\n            border-radius: 3px;\n        }\n        .view-profile:hover {\n            background: #2271b1;\n            color: white;\n        }\n        .website-link {\n            margin-top: 8px;\n        }\n        .website-link a {\n            display: inline-block;\n            color: #2271b1;\n            text-decoration: none;\n        }\n        .website-link a:hover {\n            text-decoration: underline;\n        }\n        @media (max-width: 768px) {\n            .people-card {\n                width: calc(50% - 20px);\n            }\n            .people-photo {\n                width: 120px;\n                height: 150px;\n            }\n        }\n        @media (max-width: 480px) {\n            .people-card {\n                width: calc(100% - 20px);\n            }\n            .people-photo {\n                width: 100px;\n                height: 130px;\n            }\n        }\n    <\/style><div class=\"people-grid\"><div class=\"people-card\"><div class=\"people-photo\"><img decoding=\"async\" src=\"https:\/\/econ.bilkent.edu.tr\/wp-content\/uploads\/2025\/04\/IMG_5063_pelin-scaled.jpg\" alt=\"Pelin Akyol\" \/><\/div><div class=\"people-info\"><h3><a href=\"https:\/\/econ.bilkent.edu.tr\/?people=pelin-akyol\">Pelin Akyol<\/a><\/h3><p class=\"leave-status\">On Leave<\/p><p class=\"phd-info\">PhD in Economics, 2014, Penn State<\/p><p class=\"research-preview\"><strong>Research:<\/strong> Economics of Education, Applied Microeconomics, Industrial Organization<\/p><p class=\"website-link\"><a href=\"https:\/\/spelinakyol.weebly.com\" target=\"_blank\">Personal Website<\/a><\/p><\/div><\/div><div class=\"people-card\"><div class=\"people-photo\"><img decoding=\"async\" src=\"https:\/\/econ.bilkent.edu.tr\/wp-content\/uploads\/2019\/04\/IMG_2438_sule-3-683x1024-1.jpg\" alt=\"\u015eule Alan\" \/><\/div><div class=\"people-info\"><h3><a href=\"https:\/\/econ.bilkent.edu.tr\/?people=sule-alan\">\u015eule Alan<\/a><\/h3><p class=\"phd-info\">PhD in Economics, 2002, McMaster University<\/p><p class=\"research-preview\"><strong>Research:<\/strong> Education, Behavioural Economics, Microeconometrics<\/p><p class=\"website-link\"><a href=\"https:\/\/sulealan.com\/\" target=\"_blank\">Personal Website<\/a><\/p><\/div><\/div><div class=\"people-card\"><div class=\"people-photo\"><img decoding=\"async\" src=\"https:\/\/econ.bilkent.edu.tr\/wp-content\/uploads\/2025\/04\/IMG_5227_hakan-scaled.jpg\" alt=\"Hakan Berument\" \/><\/div><div class=\"people-info\"><h3><a href=\"https:\/\/econ.bilkent.edu.tr\/?people=hakan-berument\">Hakan Berument<\/a><\/h3><p class=\"phd-info\">PhD in Economics, 1994, UNC Chapel Hill<\/p><p class=\"research-preview\"><strong>Research:<\/strong> Monetary Economics, Macroeconomics, Time Series Analysis, Econometrics<\/p><p class=\"website-link\"><a href=\"http:\/\/berument.bilkent.edu.tr\" target=\"_blank\">Personal Website<\/a><\/p><\/div><\/div><div class=\"people-card\"><div class=\"people-photo\"><img decoding=\"async\" src=\"https:\/\/econ.bilkent.edu.tr\/wp-content\/uploads\/2025\/04\/IMG_5086_nuh-scaled.jpg\" alt=\"Nuh Ayg\u00fcn Dalk\u0131ran\" \/><\/div><div class=\"people-info\"><h3><a href=\"https:\/\/econ.bilkent.edu.tr\/?people=nuh-aygun-dalkiran\">Nuh Ayg\u00fcn Dalk\u0131ran<\/a><\/h3><p class=\"phd-info\">PhD in Managerial Economics and Strategy, 2012, Kellogg, Northwestern<\/p><p class=\"research-preview\"><strong>Research:<\/strong> Game Theory, Economics of Information, Repeated Games and Reputation, Decision Theory<\/p><p class=\"website-link\"><a href=\"http:\/\/dalkiran.bilkent.edu.tr\" target=\"_blank\">Personal Website<\/a><\/p><\/div><\/div><div class=\"people-card\"><div class=\"people-photo\"><img decoding=\"async\" src=\"https:\/\/econ.bilkent.edu.tr\/wp-content\/uploads\/2025\/04\/IMG_5144_banu-scaled.jpg\" alt=\"Banu Demir\" \/><\/div><div class=\"people-info\"><h3><a href=\"https:\/\/econ.bilkent.edu.tr\/?people=banu-demir\">Banu Demir<\/a><\/h3><p class=\"phd-info\">DPhil in Economics, 2012, Oxford<\/p><p class=\"research-preview\"><strong>Research:<\/strong> International Trade, Trade Finance, Multinational Firms<\/p><p class=\"website-link\"><a href=\"https:\/\/sites.google.com\/site\/banudemirpakel\/\" target=\"_blank\">Personal Website<\/a><\/p><\/div><\/div><div class=\"people-card\"><div class=\"people-photo\"><img decoding=\"async\" src=\"https:\/\/econ.bilkent.edu.tr\/wp-content\/uploads\/2020\/09\/arda_deptbilkent-scaled.jpg\" alt=\"Arda Gitmez\" \/><\/div><div class=\"people-info\"><h3><a href=\"https:\/\/econ.bilkent.edu.tr\/?people=arda-gitmez\">Arda Gitmez<\/a><\/h3><p class=\"position-info\">Vice Chair<\/p><p class=\"phd-info\">PhD in Economics, 2019, Massachusetts Institute of Technology<\/p><p class=\"research-preview\"><strong>Research:<\/strong> Microeconomic Theory, Political Economy, Market Design, Organizational Economics<\/p><p class=\"website-link\"><a href=\"https:\/\/www.ardagitmez.com\" target=\"_blank\">Personal Website<\/a><\/p><\/div><\/div><div class=\"people-card\"><div class=\"people-photo\"><img decoding=\"async\" src=\"https:\/\/econ.bilkent.edu.tr\/wp-content\/uploads\/2025\/04\/IMG_4961_refet-scaled.jpg\" alt=\"Refet G\u00fcrkaynak\" \/><\/div><div class=\"people-info\"><h3><a href=\"https:\/\/econ.bilkent.edu.tr\/?people=refet-gurkaynak\">Refet G\u00fcrkaynak<\/a><\/h3><p class=\"phd-info\">PhD in Economics, 2004, Princeton<\/p><p class=\"research-preview\"><strong>Research:<\/strong> Monetary Economics, Financial Economics, International Finance<\/p><p class=\"website-link\"><a href=\"http:\/\/www.bilkent.edu.tr\/~refet\" target=\"_blank\">Personal Website<\/a><\/p><\/div><\/div><div class=\"people-card\"><div class=\"people-photo\"><img decoding=\"async\" src=\"https:\/\/econ.bilkent.edu.tr\/wp-content\/uploads\/2025\/04\/IMG_5151_kevin-scaled.jpg\" alt=\"Kevin Hasker\" \/><\/div><div class=\"people-info\"><h3><a href=\"https:\/\/econ.bilkent.edu.tr\/?people=kevin-hasker\">Kevin Hasker<\/a><\/h3><p class=\"phd-info\">PhD in Economics, 1998, Northwestern<\/p><p class=\"research-preview\"><strong>Research:<\/strong> Microeconomics, Game Theory, Evolution, Auctions<\/p><p class=\"website-link\"><a href=\"http:\/\/www.bilkent.edu.tr\/~hasker\" target=\"_blank\">Personal Website<\/a><\/p><\/div><\/div><div class=\"people-card\"><div class=\"people-photo\"><img decoding=\"async\" src=\"https:\/\/econ.bilkent.edu.tr\/wp-content\/uploads\/2025\/04\/IMG_8561_h.kara-1-scaled.jpg\" alt=\"Hakan Kara\" \/><\/div><div class=\"people-info\"><h3><a href=\"https:\/\/econ.bilkent.edu.tr\/?people=hakan-kara\">Hakan Kara<\/a><\/h3><p class=\"phd-info\">PhD in Economics, 2002, NYU<\/p><p class=\"research-preview\"><strong>Research:<\/strong> Monetary Economics, Macroeconomics, Central Banking Theory and Policy, Turkish Economy<\/p><p class=\"website-link\"><a href=\"https:\/\/ideas.repec.org\/f\/pka510.html\" target=\"_blank\">Personal Website<\/a><\/p><\/div><\/div><div class=\"people-card\"><div class=\"people-photo\"><img decoding=\"async\" src=\"https:\/\/econ.bilkent.edu.tr\/wp-content\/uploads\/2025\/04\/IMG_5112_mine-scaled.jpg\" alt=\"Mine Kara\" \/><\/div><div class=\"people-info\"><h3><a href=\"https:\/\/econ.bilkent.edu.tr\/?people=mine-kara\">Mine Kara<\/a><\/h3><p class=\"phd-info\">PhD in Economics, 2002, Hacettepe University<\/p><p class=\"research-preview\"><strong>Research:<\/strong> Methodology in Economics, History of Economic Thought, Economic Development<\/p><p class=\"website-link\"><a href=\"http:\/\/www.bilkent.edu.tr\/~minek\" target=\"_blank\">Personal Website<\/a><\/p><\/div><\/div><div class=\"people-card\"><div class=\"people-photo\"><img decoding=\"async\" src=\"https:\/\/econ.bilkent.edu.tr\/wp-content\/uploads\/2025\/04\/IMG_5204_tarik-scaled.jpg\" alt=\"Tar\u0131k Kara\" \/><\/div><div class=\"people-info\"><h3><a href=\"https:\/\/econ.bilkent.edu.tr\/?people=tarik-kara\">Tar\u0131k Kara<\/a><\/h3><p class=\"phd-info\">PhD in Economics, 1996, Rochester<\/p><p class=\"research-preview\"><strong>Research:<\/strong> Game Theory, Social Choice Theory, Economic Design<\/p><p class=\"website-link\"><a href=\"http:\/\/www.bilkent.edu.tr\/~ktarik\/\" target=\"_blank\">Personal Website<\/a><\/p><\/div><\/div><div class=\"people-card\"><div class=\"people-photo\"><img decoding=\"async\" src=\"https:\/\/econ.bilkent.edu.tr\/wp-content\/uploads\/2025\/04\/IMG_4992_emin-scaled.jpg\" alt=\"Emin Karag\u00f6zo\u011flu\" \/><\/div><div class=\"people-info\"><h3><a href=\"https:\/\/econ.bilkent.edu.tr\/?people=emin-karagozoglu\">Emin Karag\u00f6zo\u011flu<\/a><\/h3><p class=\"phd-info\">PhD in Economics, 2010, Maastricht University<\/p><p class=\"research-preview\"><strong>Research:<\/strong> Game Theory, Experimental Economics, Behavioral Economics, Microeconomic Theory<\/p><p class=\"website-link\"><a href=\"https:\/\/sites.google.com\/site\/eminkaragozoglu\/\" target=\"_blank\">Personal Website<\/a><\/p><\/div><\/div><div class=\"people-card\"><div class=\"people-photo\"><img decoding=\"async\" src=\"https:\/\/econ.bilkent.edu.tr\/wp-content\/uploads\/2025\/03\/10-x-13.jpg\" alt=\"\u00d6zlem K\u0131na\" \/><\/div><div class=\"people-info\"><h3><a href=\"https:\/\/econ.bilkent.edu.tr\/?people=ozlem-kina\">\u00d6zlem K\u0131na<\/a><\/h3><p class=\"phd-info\">PhD in Economics, 2023, European University Institute, Florence, Italy<\/p><p class=\"research-preview\"><strong>Research:<\/strong> Macroeconomics, Public Finance, Heterogeneous Agents Models<\/p><p class=\"website-link\"><a href=\"https:\/\/sites.google.com\/view\/ozlemkina\" target=\"_blank\">Personal Website<\/a><\/p><\/div><\/div><div class=\"people-card\"><div class=\"people-photo\"><img decoding=\"async\" src=\"https:\/\/econ.bilkent.edu.tr\/wp-content\/uploads\/2025\/04\/IMG_5019_burcin-scaled.jpg\" alt=\"Bur\u00e7in K\u0131sac\u0131ko\u011flu\" \/><\/div><div class=\"people-info\"><h3><a href=\"https:\/\/econ.bilkent.edu.tr\/?people=burcin-kisacikoglu\">Bur\u00e7in K\u0131sac\u0131ko\u011flu<\/a><\/h3><p class=\"position-info\">Director of Graduate Studies<\/p><p class=\"phd-info\">PhD in Economics, 2016, Johns Hopkins University<\/p><p class=\"research-preview\"><strong>Research:<\/strong> Macro-Finance, Monetary Economics, Macroeconomics<\/p><p class=\"website-link\"><a href=\"https:\/\/sites.google.com\/site\/burcinkisacikoglu\/\" target=\"_blank\">Personal Website<\/a><\/p><\/div><\/div><div class=\"people-card\"><div class=\"people-photo\"><img decoding=\"async\" src=\"https:\/\/econ.bilkent.edu.tr\/wp-content\/uploads\/2025\/04\/IMG_5364_bilin-scaled.jpg\" alt=\"Bilin Neyapt\u0131\" \/><\/div><div class=\"people-info\"><h3><a href=\"https:\/\/econ.bilkent.edu.tr\/?people=bilin-neyapti\">Bilin Neyapt\u0131<\/a><\/h3><p class=\"phd-info\">PhD in Economics, 1997, University of Maryland, College Park<\/p><p class=\"research-preview\"><strong>Research:<\/strong> Economic Development, Fiscal Decentralization, Institutional Economics, Macroeconomics<\/p><p class=\"website-link\"><a href=\"https:\/\/sites.google.com\/view\/bilinneyapti\/home\" target=\"_blank\">Personal Website<\/a><\/p><\/div><\/div><div class=\"people-card\"><div class=\"people-photo\"><img decoding=\"async\" src=\"https:\/\/econ.bilkent.edu.tr\/wp-content\/uploads\/2025\/03\/CAGLA-OKTEN-1-1-1-788x1024-1.jpg\" alt=\"\u00c7a\u011fla \u00d6kten\" \/><\/div><div class=\"people-info\"><h3><a href=\"https:\/\/econ.bilkent.edu.tr\/?people=cagla-okten\">\u00c7a\u011fla \u00d6kten<\/a><\/h3><p class=\"phd-info\">PhD in Economics, 1999, Northwestern<\/p><p class=\"research-preview\"><strong>Research:<\/strong> Public Economics, Labor Economics, Economics of Education<\/p><p class=\"website-link\"><a href=\"https:\/\/sites.google.com\/view\/cagla-okten\" target=\"_blank\">Personal Website<\/a><\/p><\/div><\/div><div class=\"people-card\"><div class=\"people-photo\"><img decoding=\"async\" src=\"https:\/\/econ.bilkent.edu.tr\/wp-content\/uploads\/2025\/09\/Park_Photo.jpg\" alt=\"Changwoo Park\" \/><\/div><div class=\"people-info\"><h3><a href=\"https:\/\/econ.bilkent.edu.tr\/?people=parkchangwoo\">Changwoo Park<\/a><\/h3><p class=\"phd-info\">PhD in Economics, 2025, University of Rochester<\/p><p class=\"research-preview\"><strong>Research:<\/strong> Game Theory, Market Design, Matching<\/p><p class=\"website-link\"><a href=\"https:\/\/changwoo-park.github.io\" target=\"_blank\">Personal Website<\/a><\/p><\/div><\/div><div class=\"people-card\"><div class=\"people-photo\"><img decoding=\"async\" src=\"https:\/\/econ.bilkent.edu.tr\/wp-content\/uploads\/2025\/12\/IMG_8493-a.jpg\" alt=\"H\u00fcseyin \u00c7a\u011fr\u0131 Sa\u011flam\" \/><\/div><div class=\"people-info\"><h3><a href=\"https:\/\/econ.bilkent.edu.tr\/?people=cagri-saglam\">H\u00fcseyin \u00c7a\u011fr\u0131 Sa\u011flam<\/a><\/h3><p class=\"phd-info\">PhD in Economics, 2003, Universite catholique de Louvain<\/p><p class=\"research-preview\"><strong>Research:<\/strong> Macroeconomic Dynamics, Growth Theory, Mathematical Economics.<\/p><p class=\"website-link\"><a href=\"https:\/\/cagri.weebly.com\" target=\"_blank\">Personal Website<\/a><\/p><\/div><\/div><div class=\"people-card\"><div class=\"people-photo\"><img decoding=\"async\" src=\"https:\/\/econ.bilkent.edu.tr\/wp-content\/uploads\/2025\/09\/talat_senocak1.jpg\" alt=\"Talat \u015eenocak\" \/><\/div><div class=\"people-info\"><h3><a href=\"https:\/\/econ.bilkent.edu.tr\/?people=senocaktalat\">Talat \u015eenocak<\/a><\/h3><p class=\"phd-info\">PhD in Economics, 2025, Bilkent<\/p><p class=\"research-preview\"><strong>Research:<\/strong> Game Theory, Social Choice Theory, Implementation Theory<\/p><p class=\"website-link\"><a href=\"https:\/\/sites.google.com\/view\/talatsenocak\/\" target=\"_blank\">Personal Website<\/a><\/p><\/div><\/div><div class=\"people-card\"><div class=\"people-photo\"><img decoding=\"async\" src=\"https:\/\/econ.bilkent.edu.tr\/wp-content\/uploads\/2025\/04\/IMG_5328_fatma-scaled.jpg\" alt=\"Fatma Ta\u015fk\u0131n\" \/><\/div><div class=\"people-info\"><h3><a href=\"https:\/\/econ.bilkent.edu.tr\/?people=fatma-taskin\">Fatma Ta\u015fk\u0131n<\/a><\/h3><p class=\"phd-info\">PhD in Economics, 1987, Boston College<\/p><p class=\"research-preview\"><strong>Research:<\/strong> International Economics, International Productivity Comparisons, International Trade and Environment...<\/p><p class=\"website-link\"><a href=\"http:\/\/taskin.bilkent.edu.tr\" target=\"_blank\">Personal Website<\/a><\/p><\/div><\/div><div class=\"people-card\"><div class=\"people-photo\"><img decoding=\"async\" src=\"https:\/\/econ.bilkent.edu.tr\/wp-content\/uploads\/2025\/04\/IMG_1722_kemal-Copy-scaled.jpg\" alt=\"Kemal Y\u0131ld\u0131z\" \/><\/div><div class=\"people-info\"><h3><a href=\"https:\/\/econ.bilkent.edu.tr\/?people=kemal-yildiz\">Kemal Y\u0131ld\u0131z<\/a><\/h3><p class=\"position-info\">Department Chair<\/p><p class=\"phd-info\">PhD in Economics, 2013, NYU<\/p><p class=\"research-preview\"><strong>Research:<\/strong> Game Theory, Choice Theory, Mechanism Design, Matching Theory, Bounded Rationality.<\/p><p class=\"website-link\"><a href=\"https:\/\/kemalyildiz.weebly.com\" target=\"_blank\">Personal Website<\/a><\/p><\/div><\/div><div class=\"people-card\"><div class=\"people-photo\"><img decoding=\"async\" src=\"https:\/\/econ.bilkent.edu.tr\/wp-content\/uploads\/2025\/04\/IMG_5398_taner-scaled.jpg\" alt=\"Taner Yi\u011fit\" \/><\/div><div class=\"people-info\"><h3><a href=\"https:\/\/econ.bilkent.edu.tr\/?people=taner-yigit\">Taner Yi\u011fit<\/a><\/h3><p class=\"phd-info\">PhD in Economics, 1999, UNC Chapel Hill<\/p><p class=\"research-preview\"><strong>Research:<\/strong> Monetary Theory, Macroeconomics, Time Series Analysis, Financial Economics<\/p><p class=\"website-link\"><a href=\"http:\/\/www.bilkent.edu.tr\/~tyigit\" target=\"_blank\">Personal Website<\/a><\/p><\/div><\/div><div class=\"people-card\"><div class=\"people-photo\"><img decoding=\"async\" src=\"https:\/\/econ.bilkent.edu.tr\/wp-content\/uploads\/2017\/10\/IMG_4982_eray-scaled.jpg\" alt=\"Eray Y\u00fccel\" \/><\/div><div class=\"people-info\"><h3><a href=\"https:\/\/econ.bilkent.edu.tr\/?people=eray-yucel\">Eray Y\u00fccel<\/a><\/h3><p class=\"position-info\">Internship Coordinator<\/p><p class=\"position-info\">QME Team Member<\/p><p class=\"phd-info\">PhD in Economics, 2005, Bilkent<\/p><p class=\"research-preview\"><strong>Research:<\/strong> Applied Parametric and Non-Parametric Econometrics, Macroeconomics, Monetary Economics<\/p><p class=\"website-link\"><a href=\"https:\/\/sites.google.com\/view\/erayyucel\/\" target=\"_blank\">Personal Website<\/a><\/p><\/div><\/div><\/div>\n<h3>Emeriti<\/h3>\n<p>\nOur emeriti professors have played a foundational role in shaping the department and continue to inspire through their lasting academic contributions.\n<\/p>\n\n    <style>\n        .people-grid {\n            display: flex;\n            flex-wrap: wrap;\n            margin: 0 -10px;\n        }\n        .people-card {\n            width: calc(33.33% - 20px);\n            margin: 10px;\n            border: 1px solid #eee;\n            padding: 15px;\n            box-sizing: border-box;\n            overflow: hidden;\n        }\n        .people-photo {\n            width: 150px;\n            height: 180px;\n            float: left;\n            margin-right: 15px;\n            margin-bottom: 10px;\n            overflow: hidden;\n        }\n        .people-photo img {\n            width: 100%;\n            height: auto;\n            object-fit: cover;\n            display: block;\n        }\n        .people-info {\n            overflow: hidden;\n        }\n        .people-info h3 {\n            margin: 0 0 5px 0;\n            font-size: 16px;\n        }\n        .people-info p {\n            margin: 3px 0;\n            font-size: 14px;\n            line-height: 1.4;\n        }\n        .leave-status {\n            color: #000000;\n            font-style: italic;\n            margin-top: 5px;\n        }\n        .position-info {\n            font-weight: bold;\n            color: #2271b1;\n            margin-top: 5px;\n        }\n        .phd-info {\n            margin-top: 8px;\n            font-style: italic;\n            color: #555;\n        }\n        .research-preview {\n            color: #555;\n            margin-top: 5px;\n            font-size: 13px;\n        }\n        .view-profile {\n            display: inline-block;\n            margin-top: 10px;\n            font-size: 14px;\n            color: #2271b1;\n            text-decoration: none;\n            border: 1px solid #2271b1;\n            padding: 3px 10px;\n            border-radius: 3px;\n        }\n        .view-profile:hover {\n            background: #2271b1;\n            color: white;\n        }\n        .website-link {\n            margin-top: 8px;\n        }\n        .website-link a {\n            display: inline-block;\n            color: #2271b1;\n            text-decoration: none;\n        }\n        .website-link a:hover {\n            text-decoration: underline;\n        }\n        @media (max-width: 768px) {\n            .people-card {\n                width: calc(50% - 20px);\n            }\n            .people-photo {\n                width: 120px;\n                height: 150px;\n            }\n        }\n        @media (max-width: 480px) {\n            .people-card {\n                width: calc(100% - 20px);\n            }\n            .people-photo {\n                width: 100px;\n                height: 130px;\n            }\n        }\n    <\/style><div class=\"people-grid\"><div class=\"people-card\"><div class=\"people-photo\"><img decoding=\"async\" src=\"https:\/\/econ.bilkent.edu.tr\/wp-content\/uploads\/2025\/04\/IMG_5423_semih-scaled.jpg\" alt=\"Semih Koray\" \/><\/div><div class=\"people-info\"><h3><a href=\"https:\/\/econ.bilkent.edu.tr\/?people=semih-koray\">Semih Koray<\/a><\/h3><p class=\"phd-info\">PhD in Mathematics, 1980, Bo\u011fazi\u00e7i University<\/p><p class=\"research-preview\"><strong>Research:<\/strong> Economic and Institutional design, Mathematical economics, Game Theory<\/p><\/div><\/div><div class=\"people-card\"><div class=\"people-photo\"><img decoding=\"async\" src=\"https:\/\/econ.bilkent.edu.tr\/wp-content\/uploads\/2025\/03\/images.jpeg\" alt=\"Subidey Togan\" \/><\/div><div class=\"people-info\"><h3><a href=\"https:\/\/econ.bilkent.edu.tr\/?people=togansubidey\">Subidey Togan<\/a><\/h3><p class=\"phd-info\">PhD in Economics, 1972, Johns Hopkins University<\/p><p class=\"research-preview\"><strong>Research:<\/strong> International Economics<\/p><\/div><\/div><\/div>\n","protected":false},"excerpt":{"rendered":"<p>Faculty members Our faculty consists of internationally recognized scholars with diverse research interests spanning all major areas of economics. They are actively involved in both cutting-edge research and graduate and undergraduate teaching. Emeriti Our emeriti professors have played a foundational role in shaping the department and continue to inspire through their lasting academic contributions.<\/p>\n","protected":false},"author":1,"featured_media":0,"parent":14,"menu_order":1,"comment_status":"closed","ping_status":"closed","template":"","meta":{"_acf_changed":false,"footnotes":""},"class_list":["post-39","page","type-page","status-publish","hentry"],"acf":[],"_links":{"self":[{"href":"https:\/\/econ.bilkent.edu.tr\/index.php?rest_route=\/wp\/v2\/pages\/39","targetHints":{"allow":["GET"]}}],"collection":[{"href":"https:\/\/econ.bilkent.edu.tr\/index.php?rest_route=\/wp\/v2\/pages"}],"about":[{"href":"https:\/\/econ.bilkent.edu.tr\/index.php?rest_route=\/wp\/v2\/types\/page"}],"author":[{"embeddable":true,"href":"https:\/\/econ.bilkent.edu.tr\/index.php?rest_route=\/wp\/v2\/users\/1"}],"replies":[{"embeddable":true,"href":"https:\/\/econ.bilkent.edu.tr\/index.php?rest_route=%2Fwp%2Fv2%2Fcomments&post=39"}],"version-history":[{"count":21,"href":"https:\/\/econ.bilkent.edu.tr\/index.php?rest_route=\/wp\/v2\/pages\/39\/revisions"}],"predecessor-version":[{"id":4425,"href":"https:\/\/econ.bilkent.edu.tr\/index.php?rest_route=\/wp\/v2\/pages\/39\/revisions\/4425"}],"up":[{"embeddable":true,"href":"https:\/\/econ.bilkent.edu.tr\/index.php?rest_route=\/wp\/v2\/pages\/14"}],"wp:attachment":[{"href":"https:\/\/econ.bilkent.edu.tr\/index.php?rest_route=%2Fwp%2Fv2%2Fmedia&parent=39"}],"curies":[{"name":"wp","href":"https:\/\/api.w.org\/{rel}","templated":true}]}}