{"id":42,"date":"2024-12-12T21:33:23","date_gmt":"2024-12-12T21:33:23","guid":{"rendered":"https:\/\/econ.bilkent.edu.tr\/?page_id=42"},"modified":"2025-03-26T19:36:23","modified_gmt":"2025-03-26T19:36:23","slug":"administrative-staff","status":"publish","type":"page","link":"https:\/\/econ.bilkent.edu.tr\/?page_id=42","title":{"rendered":"Administrative Staff"},"content":{"rendered":"\n    <style>\n        .people-grid {\n            display: flex;\n            flex-wrap: wrap;\n            margin: 0 -10px;\n        }\n        .people-card {\n            width: calc(33.33% - 20px);\n            margin: 10px;\n            border: 1px solid #eee;\n            padding: 15px;\n            box-sizing: border-box;\n            overflow: hidden;\n        }\n        .people-photo {\n            width: 150px;\n            height: 180px;\n            float: left;\n            margin-right: 15px;\n            margin-bottom: 10px;\n            overflow: hidden;\n        }\n        .people-photo img {\n            width: 100%;\n            height: auto;\n            object-fit: cover;\n            display: block;\n        }\n        .people-info {\n            overflow: hidden;\n        }\n        .people-info h3 {\n            margin: 0 0 5px 0;\n            font-size: 16px;\n        }\n        .people-info p {\n            margin: 3px 0;\n            font-size: 14px;\n            line-height: 1.4;\n        }\n        .leave-status {\n            color: #000000;\n            font-style: italic;\n            margin-top: 5px;\n        }\n        .position-info {\n            font-weight: bold;\n            color: #2271b1;\n            margin-top: 5px;\n        }\n        .phd-info {\n            margin-top: 8px;\n            font-style: italic;\n            color: #555;\n        }\n        .research-preview {\n            color: #555;\n            margin-top: 5px;\n            font-size: 13px;\n        }\n        .view-profile {\n            display: inline-block;\n            margin-top: 10px;\n            font-size: 14px;\n            color: #2271b1;\n            text-decoration: none;\n            border: 1px solid #2271b1;\n            padding: 3px 10px;\n            border-radius: 3px;\n        }\n        .view-profile:hover {\n            background: #2271b1;\n            color: white;\n        }\n        .website-link {\n            margin-top: 8px;\n        }\n        .website-link a {\n            display: inline-block;\n            color: #2271b1;\n            text-decoration: none;\n        }\n        .website-link a:hover {\n            text-decoration: underline;\n        }\n        @media (max-width: 768px) {\n            .people-card {\n                width: calc(50% - 20px);\n            }\n            .people-photo {\n                width: 120px;\n                height: 150px;\n            }\n        }\n        @media (max-width: 480px) {\n            .people-card {\n                width: calc(100% - 20px);\n            }\n            .people-photo {\n                width: 100px;\n                height: 130px;\n            }\n        }\n    <\/style><div class=\"people-grid\"><div class=\"people-card\"><div class=\"people-photo\"><img decoding=\"async\" src=\"https:\/\/econ.bilkent.edu.tr\/wp-content\/uploads\/2017\/10\/IMG_4939_nilgun-1-scaled.jpg\" alt=\"Nilg\u00fcn \u00c7orap\u00e7\u0131o\u011flu\" \/><\/div><div class=\"people-info\"><h3><a href=\"https:\/\/econ.bilkent.edu.tr\/?people=corapcioglunilgu\">Nilg\u00fcn \u00c7orap\u00e7\u0131o\u011flu<\/a><\/h3><p><em>Administrative Assistant<\/em><\/p><p><strong>Email:<\/strong> nilgunc[at]bilkent.edu.tr<\/p><p><strong>Office:<\/strong> A-118<\/p><p><strong>Phone:<\/strong> 1643<\/p><\/div><\/div><div class=\"people-card\"><div class=\"people-photo\"><img decoding=\"async\" src=\"https:\/\/econ.bilkent.edu.tr\/wp-content\/uploads\/2017\/10\/Ozlem-foto2.jpg\" alt=\"\u00d6zlem Eraslan\" \/><\/div><div class=\"people-info\"><h3><a href=\"https:\/\/econ.bilkent.edu.tr\/?people=eraslanozlem\">\u00d6zlem Eraslan<\/a><\/h3><p><em>Student Affairs Administrative Assistant<\/em><\/p><p><strong>Email:<\/strong> ozleme[at]bilkent.edu.tr<\/p><p><strong>Office:<\/strong> A-116<\/p><p><strong>Phone:<\/strong> 2498<\/p><\/div><\/div><\/div>\n","protected":false},"excerpt":{"rendered":"","protected":false},"author":1,"featured_media":0,"parent":14,"menu_order":3,"comment_status":"closed","ping_status":"closed","template":"","meta":{"_acf_changed":false,"footnotes":""},"class_list":["post-42","page","type-page","status-publish","hentry"],"acf":[],"_links":{"self":[{"href":"https:\/\/econ.bilkent.edu.tr\/index.php?rest_route=\/wp\/v2\/pages\/42","targetHints":{"allow":["GET"]}}],"collection":[{"href":"https:\/\/econ.bilkent.edu.tr\/index.php?rest_route=\/wp\/v2\/pages"}],"about":[{"href":"https:\/\/econ.bilkent.edu.tr\/index.php?rest_route=\/wp\/v2\/types\/page"}],"author":[{"embeddable":true,"href":"https:\/\/econ.bilkent.edu.tr\/index.php?rest_route=\/wp\/v2\/users\/1"}],"replies":[{"embeddable":true,"href":"https:\/\/econ.bilkent.edu.tr\/index.php?rest_route=%2Fwp%2Fv2%2Fcomments&post=42"}],"version-history":[{"count":5,"href":"https:\/\/econ.bilkent.edu.tr\/index.php?rest_route=\/wp\/v2\/pages\/42\/revisions"}],"predecessor-version":[{"id":4130,"href":"https:\/\/econ.bilkent.edu.tr\/index.php?rest_route=\/wp\/v2\/pages\/42\/revisions\/4130"}],"up":[{"embeddable":true,"href":"https:\/\/econ.bilkent.edu.tr\/index.php?rest_route=\/wp\/v2\/pages\/14"}],"wp:attachment":[{"href":"https:\/\/econ.bilkent.edu.tr\/index.php?rest_route=%2Fwp%2Fv2%2Fmedia&parent=42"}],"curies":[{"name":"wp","href":"https:\/\/api.w.org\/{rel}","templated":true}]}}