{"id":4386,"date":"2025-04-17T15:47:25","date_gmt":"2025-04-17T12:47:25","guid":{"rendered":"https:\/\/econ.bilkent.edu.tr\/?page_id=4386"},"modified":"2025-04-17T16:08:43","modified_gmt":"2025-04-17T13:08:43","slug":"awards-and-recognition-2","status":"publish","type":"page","link":"https:\/\/econ.bilkent.edu.tr\/?page_id=4386","title":{"rendered":"Awards and Recognition"},"content":{"rendered":"    <style>\n        \/* Bilkent Faculty Awards Styles *\/\n        .awards-container {\n            font-family: 'Segoe UI', Tahoma, Geneva, Verdana, sans-serif;\n            max-width: 1000px;\n            margin: 0 auto;\n            padding: 20px 0;\n        }\n        \n        .awards-title {\n            color: #003366; \/* Bilkent dark blue *\/\n            font-size: 28px;\n            font-weight: 600;\n            margin-bottom: 30px;\n            padding-bottom: 15px;\n            border-bottom: 2px solid #8a2be2; \/* Bilkent purple *\/\n            text-align: left;\n        }\n        \n        .awards-section {\n            margin-bottom: 40px;\n            background-color: #fff;\n            border-radius: 5px;\n            box-shadow: 0 2px 10px rgba(0,0,0,0.1);\n            overflow: hidden;\n        }\n        \n        .award-header {\n            background-color: #003366; \/* Bilkent dark blue *\/\n            color: white;\n            padding: 15px 20px;\n            font-size: 20px;\n            font-weight: 600;\n            border-left: 5px solid #8a2be2; \/* Bilkent purple *\/\n        }\n        \n        .award-content {\n            padding: 20px;\n        }\n        \n        .award-item {\n            margin-bottom: 15px;\n            padding-bottom: 15px;\n            border-bottom: 1px solid #eaeaea;\n            display: flex;\n        }\n        \n        .award-item:last-child {\n            margin-bottom: 0;\n            padding-bottom: 0;\n            border-bottom: none;\n        }\n        \n        .award-bullet {\n            color: #8a2be2; \/* Bilkent purple *\/\n            font-weight: bold;\n            margin-right: 10px;\n            flex-shrink: 0;\n        }\n        \n        .award-text {\n            flex-grow: 1;\n        }\n        \n        .award-name {\n            font-weight: 600;\n            color: #003366; \/* Bilkent dark blue *\/\n        }\n        \n        .award-year {\n            color: #555;\n            font-weight: normal;\n        }\n        \n        @media (max-width: 768px) {\n            .awards-title {\n                font-size: 24px;\n            }\n            \n            .award-header {\n                font-size: 18px;\n            }\n        }\n    <\/style>\n\n    <div class=\"awards-container\">\n        <h2 class=\"awards-title\">Faculty Awards and Honors<\/h2>\n        \n        <!-- T\u00dcB\u0130TAK Awards Section (Newest to Oldest) -->\n        <div class=\"awards-section\">\n            <h3 class=\"award-header\">T\u00dcB\u0130TAK Incentive Awards<\/h3>\n            <div class=\"award-content\">\n                <div class=\"award-item\">\n                    <div class=\"award-bullet\">\u00b7<\/div>\n                    <div class=\"award-text\">\n                        <span class=\"award-name\">Kemal Y\u0131ld\u0131z<\/span> <span class=\"award-year\">(2022)<\/span>\n                    <\/div>\n                <\/div>\n                <div class=\"award-item\">\n                    <div class=\"award-bullet\">\u00b7<\/div>\n                    <div class=\"award-text\">\n                        <span class=\"award-name\">Refet G\u00fcrkaynak<\/span> <span class=\"award-year\">(2011)<\/span>\n                    <\/div>\n                <\/div>\n                <div class=\"award-item\">\n                    <div class=\"award-bullet\">\u00b7<\/div>\n                    <div class=\"award-text\">\n                        <span class=\"award-name\">Selin Sayek B\u00f6ke<\/span> <span class=\"award-year\">(2010)<\/span>\n                    <\/div>\n                <\/div>\n            <\/div>\n        <\/div>\n        \n        <!-- T\u00dcBA Awards Section (Newest to Oldest) -->\n        <div class=\"awards-section\">\n            <h3 class=\"award-header\">T\u00dcBA Awards<\/h3>\n            <div class=\"award-content\">\n                <div class=\"award-item\">\n                    <div class=\"award-bullet\">\u00b7<\/div>\n                    <div class=\"award-text\">\n                        <span class=\"award-name\">Refet G\u00fcrkaynak<\/span> <span class=\"award-year\">(2007)<\/span>\n                    <\/div>\n                <\/div>\n                <div class=\"award-item\">\n                    <div class=\"award-bullet\">\u00b7<\/div>\n                    <div class=\"award-text\">\n                        <span class=\"award-name\">H\u00fcseyin \u00c7a\u011fr\u0131 Sa\u011flam<\/span> <span class=\"award-year\">(2007)<\/span>\n                    <\/div>\n                <\/div>\n                <div class=\"award-item\">\n                    <div class=\"award-bullet\">\u00b7<\/div>\n                    <div class=\"award-text\">\n                        <span class=\"award-name\">Hakan Berument<\/span> <span class=\"award-year\">(2002)<\/span>\n                    <\/div>\n                <\/div>\n                <div class=\"award-item\">\n                    <div class=\"award-bullet\">\u00b7<\/div>\n                    <div class=\"award-text\">\n                        <span class=\"award-name\">Erin\u00e7 Yeldan<\/span> <span class=\"award-year\">(1998)<\/span>\n                    <\/div>\n                <\/div>\n            <\/div>\n        <\/div>\n        \n        <!-- Parlar Foundation Awards Section (Newest to Oldest) -->\n        <div class=\"awards-section\">\n            <h3 class=\"award-header\">Parlar Foundation Awards<\/h3>\n            <div class=\"award-content\">\n                <div class=\"award-item\">\n                    <div class=\"award-bullet\">\u00b7<\/div>\n                    <div class=\"award-text\">\n                        <span class=\"award-name\">Selin Sayek B\u00f6ke<\/span> \u2013 Young Investigator Award <span class=\"award-year\">(2011)<\/span>\n                    <\/div>\n                <\/div>\n                <div class=\"award-item\">\n                    <div class=\"award-bullet\">\u00b7<\/div>\n                    <div class=\"award-text\">\n                        <span class=\"award-name\">Hakan Berument<\/span> \u2013 Young Investigator Award <span class=\"award-year\">(2003)<\/span>\n                    <\/div>\n                <\/div>\n                <div class=\"award-item\">\n                    <div class=\"award-bullet\">\u00b7<\/div>\n                    <div class=\"award-text\">\n                        <span class=\"award-name\">Serdar Sayan<\/span> \u2013 Young Investigator Award <span class=\"award-year\">(2002)<\/span>\n                    <\/div>\n                <\/div>\n            <\/div>\n        <\/div>\n        \n        <!-- BAGEP Awards Section (Newest to Oldest) -->\n        <div class=\"awards-section\">\n            <h3 class=\"award-header\">BAGEP Awards<\/h3>\n            <div class=\"award-content\">\n                <div class=\"award-item\">\n                    <div class=\"award-bullet\">\u00b7<\/div>\n                    <div class=\"award-text\">\n                        <span class=\"award-name\">Bur\u00e7in K\u0131sac\u0131ko\u011flu<\/span> <span class=\"award-year\">(2023)<\/span>\n                    <\/div>\n                <\/div>\n                <div class=\"award-item\">\n                    <div class=\"award-bullet\">\u00b7<\/div>\n                    <div class=\"award-text\">\n                        <span class=\"award-name\">Banu Demir Pakel<\/span> <span class=\"award-year\">(2020)<\/span>\n                    <\/div>\n                <\/div>\n                <div class=\"award-item\">\n                    <div class=\"award-bullet\">\u00b7<\/div>\n                    <div class=\"award-text\">\n                        <span class=\"award-name\">Kemal Y\u0131ld\u0131z<\/span> <span class=\"award-year\">(2020)<\/span>\n                    <\/div>\n                <\/div>\n                <div class=\"award-item\">\n                    <div class=\"award-bullet\">\u00b7<\/div>\n                    <div class=\"award-text\">\n                        <span class=\"award-name\">Emin Karag\u00f6zo\u011flu<\/span> <span class=\"award-year\">(2015)<\/span>\n                    <\/div>\n                <\/div>\n            <\/div>\n        <\/div>\n        \n        <!-- ERC Grants Section (Newest to Oldest) -->\n        <div class=\"awards-section\">\n            <h3 class=\"award-header\">European Research Council (ERC) Grants<\/h3>\n            <div class=\"award-content\">\n                <div class=\"award-item\">\n                    <div class=\"award-bullet\">\u00b7<\/div>\n                    <div class=\"award-text\">\n                        <span class=\"award-name\">\u015eule Alan<\/span> - ERC Advanced Grant (AdG) <span class=\"award-year\">(2021)<\/span>\n                    <\/div>\n                <\/div>\n                <div class=\"award-item\">\n                    <div class=\"award-bullet\">\u00b7<\/div>\n                    <div class=\"award-text\">\n                        <span class=\"award-name\">Refet G\u00fcrkaynak<\/span> - ERC Consolidator Grant (CoG) <span class=\"award-year\">(2016)<\/span>\n                    <\/div>\n                <\/div>\n            <\/div>\n        <\/div>\n        \n        <!-- International Awards Section (Newest to Oldest) -->\n        <div class=\"awards-section\">\n            <h3 class=\"award-header\">International Awards<\/h3>\n            <div class=\"award-content\">\n                <div class=\"award-item\">\n                    <div class=\"award-bullet\">\u00b7<\/div>\n                    <div class=\"award-text\">\n                        <span class=\"award-name\">Semih Koray<\/span>, Turkey Economic Association, Academic Service Award <span class=\"award-year\">(2021)<\/span>\n                    <\/div>\n                <\/div>\n                <div class=\"award-item\">\n                    <div class=\"award-bullet\">\u00b7<\/div>\n                    <div class=\"award-text\">\n                        <span class=\"award-name\">Kemal Y\u0131ld\u0131z<\/span>, European Commission MSCA Global Fellowship <span class=\"award-year\">(2018)<\/span>\n                    <\/div>\n                <\/div>\n                <div class=\"award-item\">\n                    <div class=\"award-bullet\">\u00b7<\/div>\n                    <div class=\"award-text\">\n                        <span class=\"award-name\">Erin\u00e7 Yeldan<\/span>, Turkish Asian Center for Strategic Studies (TASAM) Strategic Vision Award <span class=\"award-year\">(2016)<\/span>\n                    <\/div>\n                <\/div>\n                <div class=\"award-item\">\n                    <div class=\"award-bullet\">\u00b7<\/div>\n                    <div class=\"award-text\">\n                        <span class=\"award-name\">Taner Yi\u011fit<\/span>, Bergson Best Paper Award published in Comparative Economic Studies <span class=\"award-year\">(2012)<\/span>\n                    <\/div>\n                <\/div>\n                <div class=\"award-item\">\n                    <div class=\"award-bullet\">\u00b7<\/div>\n                    <div class=\"award-text\">\n                        <span class=\"award-name\">Erin\u00e7 Yeldan<\/span>, Distinguished Leadership Award for Internationals, University of Minnesota <span class=\"award-year\">(2012)<\/span>\n                    <\/div>\n                <\/div>\n                <div class=\"award-item\">\n                    <div class=\"award-bullet\">\u00b7<\/div>\n                    <div class=\"award-text\">\n                        <span class=\"award-name\">Selin Sayek B\u00f6ke<\/span>, Excellence Award in Global Economic Affairs, Kiel Institute for the World Economy <span class=\"award-year\">(2007)<\/span>\n                    <\/div>\n                <\/div>\n                <div class=\"award-item\">\n                    <div class=\"award-bullet\">\u00b7<\/div>\n                    <div class=\"award-text\">\n                        <span class=\"award-name\">Refet G\u00fcrkaynak<\/span>, Lamfalussy Fellowship <span class=\"award-year\">(2006)<\/span>\n                    <\/div>\n                <\/div>\n                <div class=\"award-item\">\n                    <div class=\"award-bullet\">\u00b7<\/div>\n                    <div class=\"award-text\">\n                        <span class=\"award-name\">Bilin Neyapt\u0131<\/span>, Yavor Prize (Tel Aviv University) <span class=\"award-year\">(1992)<\/span>\n                    <\/div>\n                <\/div>\n                <div class=\"award-item\">\n                    <div class=\"award-bullet\">\u00b7<\/div>\n                    <div class=\"award-text\">\n                        <span class=\"award-name\">Subidey Togan<\/span>, Alexander von Humboldt Fellowships\n                    <\/div>\n                <\/div>\n            <\/div>\n        <\/div>\n                \n        <!-- Distinguished Teaching Awards Section (Newest to Oldest) -->\n        <div class=\"awards-section\">\n            <h3 class=\"award-header\">Distinguished Teaching Awards<\/h3>\n            <div class=\"award-content\">\n                <div class=\"award-item\">\n                    <div class=\"award-bullet\">\u00b7<\/div>\n                    <div class=\"award-text\">\n                        <span class=\"award-name\">Bur\u00e7in K\u0131sac\u0131ko\u011flu<\/span> <span class=\"award-year\">(2024)<\/span>\n                    <\/div>\n                <\/div>\n                <div class=\"award-item\">\n                    <div class=\"award-bullet\">\u00b7<\/div>\n                    <div class=\"award-text\">\n                        <span class=\"award-name\">Emin Karag\u00f6zo\u011flu<\/span> <span class=\"award-year\">(2015)<\/span>\n                    <\/div>\n                <\/div>\n                <div class=\"award-item\">\n                    <div class=\"award-bullet\">\u00b7<\/div>\n                    <div class=\"award-text\">\n                        <span class=\"award-name\">Fatma Ta\u015fk\u0131n<\/span> <span class=\"award-year\">(2012)<\/span>\n                    <\/div>\n                <\/div>\n                <div class=\"award-item\">\n                    <div class=\"award-bullet\">\u00b7<\/div>\n                    <div class=\"award-text\">\n                        <span class=\"award-name\">Refet G\u00fcrkaynak<\/span> <span class=\"award-year\">(2010)<\/span>\n                    <\/div>\n                <\/div>\n                <div class=\"award-item\">\n                    <div class=\"award-bullet\">\u00b7<\/div>\n                    <div class=\"award-text\">\n                        <span class=\"award-name\">Selin Sayek B\u00f6ke<\/span> <span class=\"award-year\">(2006)<\/span>\n                    <\/div>\n                <\/div>\n                <div class=\"award-item\">\n                    <div class=\"award-bullet\">\u00b7<\/div>\n                    <div class=\"award-text\">\n                        <span class=\"award-name\">Tark Kara<\/span> <span class=\"award-year\">(2005)<\/span>\n                    <\/div>\n                <\/div>\n                <div class=\"award-item\">\n                    <div class=\"award-bullet\">\u00b7<\/div>\n                    <div class=\"award-text\">\n                        <span class=\"award-name\">Erin\u00e7 Yeldan<\/span> <span class=\"award-year\">(2002)<\/span>\n                    <\/div>\n                <\/div>\n                <div class=\"award-item\">\n                    <div class=\"award-bullet\">\u00b7<\/div>\n                    <div class=\"award-text\">\n                        <span class=\"award-name\">Serdar Sayan<\/span> <span class=\"award-year\">(1998)<\/span>\n                    <\/div>\n                <\/div>\n            <\/div>\n        <\/div>\n    <\/div>\n    \n","protected":false},"excerpt":{"rendered":"","protected":false},"author":1,"featured_media":0,"parent":2,"menu_order":1,"comment_status":"closed","ping_status":"closed","template":"","meta":{"_acf_changed":false,"footnotes":""},"class_list":["post-4386","page","type-page","status-publish"],"acf":[],"_links":{"self":[{"href":"https:\/\/econ.bilkent.edu.tr\/index.php?rest_route=\/wp\/v2\/pages\/4386","targetHints":{"allow":["GET"]}}],"collection":[{"href":"https:\/\/econ.bilkent.edu.tr\/index.php?rest_route=\/wp\/v2\/pages"}],"about":[{"href":"https:\/\/econ.bilkent.edu.tr\/index.php?rest_route=\/wp\/v2\/types\/page"}],"author":[{"embeddable":true,"href":"https:\/\/econ.bilkent.edu.tr\/index.php?rest_route=\/wp\/v2\/users\/1"}],"replies":[{"embeddable":true,"href":"https:\/\/econ.bilkent.edu.tr\/index.php?rest_route=%2Fwp%2Fv2%2Fcomments&post=4386"}],"version-history":[{"count":1,"href":"https:\/\/econ.bilkent.edu.tr\/index.php?rest_route=\/wp\/v2\/pages\/4386\/revisions"}],"predecessor-version":[{"id":4503,"href":"https:\/\/econ.bilkent.edu.tr\/index.php?rest_route=\/wp\/v2\/pages\/4386\/revisions\/4503"}],"up":[{"embeddable":true,"href":"https:\/\/econ.bilkent.edu.tr\/index.php?rest_route=\/wp\/v2\/pages\/2"}],"wp:attachment":[{"href":"https:\/\/econ.bilkent.edu.tr\/index.php?rest_route=%2Fwp%2Fv2%2Fmedia&parent=4386"}],"curies":[{"name":"wp","href":"https:\/\/api.w.org\/{rel}","templated":true}]}}