{"id":4394,"date":"2025-04-15T07:37:41","date_gmt":"2025-04-15T07:37:41","guid":{"rendered":"https:\/\/econ.bilkent.edu.tr\/?page_id=4394"},"modified":"2025-04-16T05:40:29","modified_gmt":"2025-04-16T05:40:29","slug":"turkish-economy-seminars","status":"publish","type":"page","link":"https:\/\/econ.bilkent.edu.tr\/?page_id=4394","title":{"rendered":"Turkish Economy Seminars"},"content":{"rendered":"<h3>2025-2026<\/h3><div class=\"seminar-table-wrapper\"><table class=\"seminar-table\"><thead><tr><th>Date<\/th><th>Time<\/th><th>Speaker<\/th><th>Institution<\/th><th>Topic<\/th><th>Location<\/th><\/tr><\/thead><tbody><tr><td>February 16, 2026<\/td><td>17:40<\/td><td>Refet G\u00fcrkaynak Serhat G\u00fcrleyen Hakan Kara \u015eant Manukyan<\/td><td>Bilkent University<\/td><td>K\u00fcresel Piyasalardaki Paradigma De\u011fi\u015fimi ve T\u00fcrkiye Ekonomisine Yans\u0131malar\u0131<\/td><td>FF-B22<\/td><\/tr><tr><td>December 2, 2025<\/td><td>17:30<\/td><td>Ufuk Ak\u00e7i\u011fit<\/td><td>University of Chicago<\/td><td>Yeni Bir Ekonomik B\u00fcy\u00fcme Vizyonu: Mikro Verilerle Makro Hik\u00e2yeyi Yeniden Yazmak<\/td><td>FF-B22<\/td><\/tr><tr><td>October 21, 2025<\/td><td>18:00<\/td><td>\u00d6zlem K\u0131na<\/td><td>Bilkent University<\/td><td>The 2025 Nobel Prize in Economic Sciences.<\/td><td>C Block Amphitheatre<\/td><\/tr><tr><td>October 10, 2025<\/td><td>12:30<\/td><td>Ebru Voyvoda<\/td><td>Middle East Technical University<\/td><td>Facing Climate in the Shadow of Multiple Crises<\/td><td>A-130<\/td><\/tr><\/tbody><\/table><\/div><h3>2024-2025<\/h3><div class=\"seminar-table-wrapper\"><table class=\"seminar-table\"><thead><tr><th>Date<\/th><th>Time<\/th><th>Speaker<\/th><th>Institution<\/th><th>Topic<\/th><th>Location<\/th><\/tr><\/thead><tbody><tr><td>April 21, 2025<\/td><td>15:30<\/td><td>Banu Demir<\/td><td>Oxford University<\/td><td>Trade Wars 2.0: The Future of Global Trade and Its Effects on Turkey<\/td><td>C Blok Amphitheatre<\/td><\/tr><tr><td>April 16, 2025<\/td><td>16:30<\/td><td>Murat \u00dc\u00e7er<\/td><td>Global Source Partners\/Turkey Data Monitor\/Ko\u00e7 \u00dcniversitesi<\/td><td>Macroeconomic Outlook in the World and Turkey<\/td><td>A-130<\/td><\/tr><tr><td>November 19, 2024<\/td><td><\/td><td>Kamil Y\u0131lmaz<\/td><td>Ko\u00e7 University<\/td><td>Inflation Dynamics in Turkey: A Political Economy Perspective<\/td><td><\/td><\/tr><tr><td>October 22, 2024<\/td><td><\/td><td>\u00dcmit \u00d6zlale<\/td><td><\/td><td>Action\u2013Speech (In)Consistency in Economic Policy<\/td><td><\/td><\/tr><tr><td>October 16, 2024<\/td><td><\/td><td>Arda Gitmez<\/td><td>Bilkent University<\/td><td>2024 Economics Nobel<\/td><td><\/td><\/tr><\/tbody><\/table><\/div><h3>2023-2024<\/h3><div class=\"seminar-table-wrapper\"><table class=\"seminar-table\"><thead><tr><th>Date<\/th><th>Time<\/th><th>Speaker<\/th><th>Institution<\/th><th>Topic<\/th><th>Location<\/th><\/tr><\/thead><tbody><tr><td>March 19, 2024<\/td><td><\/td><td>Kerim Rota<\/td><td><\/td><td>Can the Central Bank of Turkey Finally Escape the Curse of Sisyphus?<\/td><td><\/td><\/tr><tr><td>February 29, 2024<\/td><td><\/td><td>G\u00fcven Sak<\/td><td>TEPAV<\/td><td>Turkey\u2019s Post-Election Agenda: Moving Beyond Monetary Policy<\/td><td><\/td><\/tr><tr><td>December 6, 2023<\/td><td><\/td><td>Fatih \u00d6zatay<\/td><td>TOBB ET\u00dc<\/td><td>Why Was It So Hard to Fight Inflation in the First Century?<\/td><td><\/td><\/tr><tr><td>November 29, 2023<\/td><td><\/td><td>Refet G\u00fcrkaynak, Hakan Kara<\/td><td>Bilkent University<\/td><td>Inflation and Monetary Policy in the First 100 Years of the Republic<\/td><td><\/td><\/tr><tr><td>November 21, 2023<\/td><td><\/td><td>\u00d6ner G\u00fcn\u00e7avd\u0131<\/td><td>Istanbul Technical University<\/td><td>Structural Transformation in the Turkish Economy, Income Distribution and Economic Populism<\/td><td><\/td><\/tr><tr><td>October 11, 2023<\/td><td><\/td><td>\u00c7a\u011fla \u00d6kten<\/td><td>Bilkent University<\/td><td>2023 Economics Nobel<\/td><td><\/td><\/tr><\/tbody><\/table><\/div><h3>2022-2023<\/h3><div class=\"seminar-table-wrapper\"><table class=\"seminar-table\"><thead><tr><th>Date<\/th><th>Time<\/th><th>Speaker<\/th><th>Institution<\/th><th>Topic<\/th><th>Location<\/th><\/tr><\/thead><tbody><tr><td>April 25, 2023<\/td><td><\/td><td>\u0130nsan Tunal\u0131<\/td><td>Ko\u00e7 University<\/td><td>Labor Market Policies under the AKP Government and Their Consequences<\/td><td><\/td><\/tr><tr><td>March 1, 2023<\/td><td><\/td><td>Erol Taymaz<\/td><td>Middle East Technical University<\/td><td>Economic Growth, Industrial Policy and the Earthquake<\/td><td><\/td><\/tr><tr><td>December 7, 2022<\/td><td><\/td><td>\u015eamil Pi\u015fmaf, Tu\u011f\u00e7e Sayer<\/td><td>Turkish Competition Authority<\/td><td>Foundations of Competition Law and Current Practices on Digital Platforms<\/td><td><\/td><\/tr><tr><td>December 1, 2022<\/td><td><\/td><td>\u015eevket Pamuk<\/td><td><\/td><td>Politics and Economy in Turkey During the Multi-Party Era<\/td><td><\/td><\/tr><tr><td>October 11, 2022<\/td><td><\/td><td>Refet S. G\u00fcrkaynak<\/td><td>Bilkent University<\/td><td>2022 Economics Nobel<\/td><td><\/td><\/tr><\/tbody><\/table><\/div><h3>2021-2022<\/h3><div class=\"seminar-table-wrapper\"><table class=\"seminar-table\"><thead><tr><th>Date<\/th><th>Time<\/th><th>Speaker<\/th><th>Institution<\/th><th>Topic<\/th><th>Location<\/th><\/tr><\/thead><tbody><tr><td>July 20, 2022<\/td><td><\/td><td>Asaf Sava\u015f Akat<\/td><td>Istanbul Bilgi University<\/td><td>Turkey\u2019s Never-Ending Inflation Story<\/td><td><\/td><\/tr><tr><td>April 12, 2022<\/td><td><\/td><td>G\u00fcl\u00e7in \u00d6zkan<\/td><td>King&#039;s College London<\/td><td>Reimagining Economic Policy in the Shadow of the Pandemic and Climate Crisis<\/td><td><\/td><\/tr><tr><td>March 8, 2022<\/td><td><\/td><td>Burak Salto\u011flu<\/td><td>Bo\u011fazi\u00e7i University<\/td><td>A View on the Economy through the Lens of Behavioral Finance<\/td><td><\/td><\/tr><tr><td>March 1, 2022<\/td><td><\/td><td>\u015eebnem Kalemli-\u00d6zcan<\/td><td>University of Maryland<\/td><td>Turkey\u2019s Economic Problems: Policy Recommendations from the Perspective of International Economics<\/td><td><\/td><\/tr><tr><td>December 27, 2021<\/td><td><\/td><td>Hakan \u00d6zy\u0131ld\u0131z<\/td><td><\/td><td>Foreign Currency Deposits, Protected Lira Instruments and the Free Exchange Regime<\/td><td><\/td><\/tr><tr><td>December 8, 2021<\/td><td><\/td><td>Ceyhun Elgin<\/td><td><\/td><td>Turkey\u2019s Pandemic Economy<\/td><td><\/td><\/tr><tr><td>December 1, 2021<\/td><td><\/td><td>Ufuk Ak\u00e7i\u011fit<\/td><td><\/td><td>The Turkish Economy in Light of Micro Data<\/td><td><\/td><\/tr><tr><td>November 10, 2021<\/td><td><\/td><td>Cevdet Ak\u00e7ay<\/td><td><\/td><td>Misconceptions in the Turkish Economy<\/td><td><\/td><\/tr><tr><td>October 20, 2021<\/td><td><\/td><td>G\u00fcven Sak<\/td><td>TOBB ET\u00dc, TEPAV<\/td><td>Green Deal<\/td><td><\/td><\/tr><tr><td>October 15, 2021<\/td><td><\/td><td>\u015e. Pelin Akyol<\/td><td>Bilkent University, Economics<\/td><td>2021 Nobel Prizes<\/td><td><\/td><\/tr><\/tbody><\/table><\/div><h3>2020-2021<\/h3><div class=\"seminar-table-wrapper\"><table class=\"seminar-table\"><thead><tr><th>Date<\/th><th>Time<\/th><th>Speaker<\/th><th>Institution<\/th><th>Topic<\/th><th>Location<\/th><\/tr><\/thead><tbody><tr><td>June 9, 2021<\/td><td><\/td><td>Alvaro Ortiz<\/td><td>BBVA<\/td><td>Turkish Economy in Real Time and High Definition<\/td><td><\/td><\/tr><tr><td>May 11, 2021<\/td><td><\/td><td>\u015eant Manukyan, Refet S. G\u00fcrkaynak<\/td><td>\u0130\u015f Investment, Bilkent Economics<\/td><td>Crypto Assets: Buyer\u2019s Market or Bubble?<\/td><td><\/td><\/tr><tr><td>February 25, 2021<\/td><td><\/td><td>\u00d6zer Karagedikli, A. Hakan Kara, Refet S. G\u00fcrkaynak<\/td><td>SEACEN, Bilkent Economics<\/td><td>Structural Change in U.S. Monetary Policy and Global Spillovers<\/td><td><\/td><\/tr><tr><td>October 21, 2020<\/td><td><\/td><td>Nuh Ayg\u00fcn Dalk\u0131ran<\/td><td>Faculty Member, Department of Economics<\/td><td>2020 Economics Nobel: Milgrom and Wilson\u2019s Contributions to Auction Theory<\/td><td><\/td><\/tr><\/tbody><\/table><\/div><h3>2019-2020<\/h3><div class=\"seminar-table-wrapper\"><table class=\"seminar-table\"><thead><tr><th>Date<\/th><th>Time<\/th><th>Speaker<\/th><th>Institution<\/th><th>Topic<\/th><th>Location<\/th><\/tr><\/thead><tbody><tr><td>March 4, 2020<\/td><td><\/td><td>Fatih \u00d6zatay, A. Hakan Kara, Refet S. G\u00fcrkaynak<\/td><td>TOBB ET\u00dc, Bilkent Economics<\/td><td>Turkey\u2019s Economy in Light of Global Developments and Policy Proposals<\/td><td><\/td><\/tr><tr><td>December 25, 2019<\/td><td><\/td><td>Daron Acemo\u011flu<\/td><td>MIT and Science Academy<\/td><td>The Narrow Corridor: States, Societies, and the Future of Freedom<\/td><td><\/td><\/tr><tr><td>December 23, 2019<\/td><td><\/td><td>\u015eule Alan<\/td><td>Bilkent University, Department of Economics<\/td><td>2019 Economics Nobel: Who, Why, What Did We Learn, and What Are We Doing in Turkey?<\/td><td><\/td><\/tr><tr><td>December 16, 2019<\/td><td><\/td><td>Pelin Akyol<\/td><td>Bilkent University<\/td><td>The State and Development of Education in Turkey: A PISA-Based Assessment<\/td><td><\/td><\/tr><tr><td>September 16, 2019<\/td><td><\/td><td>Yasin Uzun<\/td><td>Ministry of Trade<\/td><td>Applications of Behavioral Economics in Turkish Public Policy<\/td><td><\/td><\/tr><\/tbody><\/table><\/div><h3>2018-2019<\/h3><div class=\"seminar-table-wrapper\"><table class=\"seminar-table\"><thead><tr><th>Date<\/th><th>Time<\/th><th>Speaker<\/th><th>Institution<\/th><th>Topic<\/th><th>Location<\/th><\/tr><\/thead><tbody><tr><td>April 9, 2019<\/td><td><\/td><td>Gizem \u00d6ztok Alt\u0131nsa\u00e7<\/td><td>\u00d6zye\u011fin University \/ Chief Economist, Actus Portfolio<\/td><td>Swaps, CDS, Financial Instruments and Turkey\u2019s Examples<\/td><td><\/td><\/tr><tr><td>March 27, 2019<\/td><td><\/td><td>\u015eant Manukyan<\/td><td>Head of International Markets, \u0130\u015f Investment<\/td><td>What Happened on Friday, and What Comes Next?<\/td><td><\/td><\/tr><\/tbody><\/table><\/div><h3>2017-2018<\/h3><div class=\"seminar-table-wrapper\"><table class=\"seminar-table\"><thead><tr><th>Date<\/th><th>Time<\/th><th>Speaker<\/th><th>Institution<\/th><th>Topic<\/th><th>Location<\/th><\/tr><\/thead><tbody><tr><td>May 28, 2018<\/td><td><\/td><td>Bur\u00e7in K\u0131sac\u0131ko\u011flu, Burcu \u00dcn\u00fcvar, Erin\u00e7 Yeldan, Refet S. G\u00fcrkaynak<\/td><td>Bilkent Economics, TSKB<\/td><td>Interest Rates, Exchange Rates, and Inflation: What is Happening in Turkey?<\/td><td><\/td><\/tr><tr><td>April 11, 2018<\/td><td><\/td><td>Cem Ba\u015f, Eseng\u00fcl Tanr\u0131kulu<\/td><td>Turkish Statistical Institute (T\u00dc\u0130K)<\/td><td>Experts Explain: Inflation Statistics in Turkey<\/td><td><\/td><\/tr><tr><td>March 28, 2018<\/td><td><\/td><td>Enver Ta\u015ft\u0131, Meral Da\u015fk\u0131ran, Murat Karata\u015f<\/td><td><\/td><td>Labor Market Statistics in Turkey<\/td><td><\/td><\/tr><tr><td>February 21, 2018<\/td><td><\/td><td>Burak Yitgin<\/td><td>King&#039;s College London<\/td><td>Turkish Electricity Market<\/td><td><\/td><\/tr><tr><td>January 31, 2018<\/td><td><\/td><td>T\u00fclay Korkmaz<\/td><td>Turkish Statistical Institute (T\u00dc\u0130K), Head of National Accounts Department<\/td><td>National Income Accounting in Turkey<\/td><td><\/td><\/tr><tr><td>October 11, 2017<\/td><td><\/td><td>Emin Karag\u00f6zo\u011flu<\/td><td>Bilkent University<\/td><td>2017 Economics Nobel: Behavioral Economics and Richard Thaler\u2019s Contributions<\/td><td><\/td><\/tr><\/tbody><\/table><\/div><h3>2015-2016<\/h3><div class=\"seminar-table-wrapper\"><table class=\"seminar-table\"><thead><tr><th>Date<\/th><th>Time<\/th><th>Speaker<\/th><th>Institution<\/th><th>Topic<\/th><th>Location<\/th><\/tr><\/thead><tbody><tr><td>November 18, 2015<\/td><td><\/td><td>Dr. Deniz Karao\u011flan<\/td><td><\/td><td>Health and Education<\/td><td><\/td><\/tr><\/tbody><\/table><\/div><h3>2014-2015<\/h3><div class=\"seminar-table-wrapper\"><table class=\"seminar-table\"><thead><tr><th>Date<\/th><th>Time<\/th><th>Speaker<\/th><th>Institution<\/th><th>Topic<\/th><th>Location<\/th><\/tr><\/thead><tbody><tr><td>April 22, 2015<\/td><td><\/td><td>Prof. Refet G\u00fcrkaynak, Assoc. Prof. Bilin Neyapt\u0131, Prof. Erin\u00e7 Yeldan<\/td><td>Bilkent University and Burcu \u00dcn\u00fcvar (Ya\u015far University)<\/td><td>The State of the Economy<\/td><td><\/td><\/tr><tr><td>March 4, 2015<\/td><td><\/td><td>Vefa Tarhan<\/td><td>Bilkent University<\/td><td>Economic Performance and Vulnerabilities: 2002\u20132015<\/td><td><\/td><\/tr><tr><td>December 10, 2014<\/td><td><\/td><td>A. Mete \u00c7akmak\u00e7\u0131<\/td><td>Technology Development Foundation of Turkey (TTGV)<\/td><td>Value Creation and Innovation in Turkey<\/td><td><\/td><\/tr><tr><td>November 12, 2014<\/td><td><\/td><td>Necdet Pamir<\/td><td>Union of Chambers of Turkish Engineers and Architects, CHP Energy Commission<\/td><td>Energy Sector in Turkey: Problems and Policy Proposals<\/td><td><\/td><\/tr><tr><td>October 15, 2014<\/td><td><\/td><td>Volkan \u00c7etinkaya<\/td><td>Ministry of Health and Bilkent University<\/td><td>Health System in Turkey<\/td><td><\/td><\/tr><\/tbody><\/table><\/div><h3>2013-2014<\/h3><div class=\"seminar-table-wrapper\"><table class=\"seminar-table\"><thead><tr><th>Date<\/th><th>Time<\/th><th>Speaker<\/th><th>Institution<\/th><th>Topic<\/th><th>Location<\/th><\/tr><\/thead><tbody><tr><td>May 7, 2014<\/td><td><\/td><td>Assoc. Prof. Dr. Aylin S\u00f6nmez<\/td><td><\/td><td>Economics of Sports<\/td><td><\/td><\/tr><tr><td>April 9, 2014<\/td><td><\/td><td>Mustafa S\u00f6nmez<\/td><td><\/td><td>Politics and Economy in Turkey After the Local Elections<\/td><td><\/td><\/tr><tr><td>March 27, 2014<\/td><td><\/td><td>Assoc. Prof. Dr. \u00c7a\u011flar Manavgat<\/td><td>Bilkent University<\/td><td>Law and Economics in Turkey: Recent Developments Affecting Financial Markets<\/td><td><\/td><\/tr><tr><td>November 27, 2013<\/td><td><\/td><td>Prof. Dr. Semih Koray<\/td><td>Bilkent University<\/td><td>Evolution of the Game: A Perspective on Economic Theory<\/td><td><\/td><\/tr><tr><td>October 23, 2013<\/td><td><\/td><td>Asst. Prof. Dr. Ceyhun Elgin<\/td><td>Bo\u011fazi\u00e7i University<\/td><td>Informal Economy in the World and in Turkey<\/td><td><\/td><\/tr><\/tbody><\/table><\/div><h3>2012-2013<\/h3><div class=\"seminar-table-wrapper\"><table class=\"seminar-table\"><thead><tr><th>Date<\/th><th>Time<\/th><th>Speaker<\/th><th>Institution<\/th><th>Topic<\/th><th>Location<\/th><\/tr><\/thead><tbody><tr><td>May 8, 2013<\/td><td><\/td><td>Assoc. Prof. Ebru Voyvoda<\/td><td>Middle East Technical University<\/td><td>Environment and the Economy<\/td><td><\/td><\/tr><tr><td>April 3, 2013<\/td><td><\/td><td>Yusuf I\u015f\u0131k<\/td><td><\/td><td>Knowledge Economy and Turkey\u2019s Development Perspective<\/td><td><\/td><\/tr><tr><td>February 27, 2013<\/td><td><\/td><td>Dr. Ays\u0131t Tansel<\/td><td>Middle East Technical University<\/td><td>Age Structure of the Population, Demographic Window of Opportunity and the Labor Market in Turkey<\/td><td><\/td><\/tr><tr><td>December 19, 2012<\/td><td><\/td><td>Prof. Dr. Semih Koray<\/td><td>Bilkent University<\/td><td>The Role of Choice in Economic Design<\/td><td><\/td><\/tr><tr><td>November 28, 2012<\/td><td><\/td><td>Prof. Dr. Fatih \u00d6zatay<\/td><td>TEPAV and TOBB University of Economics and Technology<\/td><td>Where is the Turkish Economy Headed?<\/td><td><\/td><\/tr><tr><td>October 31, 2012<\/td><td><\/td><td>Assoc. Prof. Aylin Se\u00e7kin<\/td><td>Bilgi University<\/td><td>Art Markets in the World and in Turkey<\/td><td><\/td><\/tr><\/tbody><\/table><\/div><h3>2011-2012<\/h3><div class=\"seminar-table-wrapper\"><table class=\"seminar-table\"><thead><tr><th>Date<\/th><th>Time<\/th><th>Speaker<\/th><th>Institution<\/th><th>Topic<\/th><th>Location<\/th><\/tr><\/thead><tbody><tr><td>March 1, 2012<\/td><td><\/td><td>Prof. Dr. G\u00fcven Sak<\/td><td>TOBB University of Economics and Technology<\/td><td>The Transformation and Future of the Turkish Economy<\/td><td><\/td><\/tr><tr><td>February 1, 2012<\/td><td><\/td><td>S\u00fcreyya Serdenge\u00e7ti<\/td><td><\/td><td>Where is Monetary Policy Headed?<\/td><td><\/td><\/tr><\/tbody><\/table><\/div>\n","protected":false},"excerpt":{"rendered":"","protected":false},"author":1,"featured_media":0,"parent":50,"menu_order":3,"comment_status":"closed","ping_status":"closed","template":"","meta":{"_acf_changed":false,"footnotes":""},"class_list":["post-4394","page","type-page","status-publish"],"acf":[],"_links":{"self":[{"href":"https:\/\/econ.bilkent.edu.tr\/index.php?rest_route=\/wp\/v2\/pages\/4394","targetHints":{"allow":["GET"]}}],"collection":[{"href":"https:\/\/econ.bilkent.edu.tr\/index.php?rest_route=\/wp\/v2\/pages"}],"about":[{"href":"https:\/\/econ.bilkent.edu.tr\/index.php?rest_route=\/wp\/v2\/types\/page"}],"author":[{"embeddable":true,"href":"https:\/\/econ.bilkent.edu.tr\/index.php?rest_route=\/wp\/v2\/users\/1"}],"replies":[{"embeddable":true,"href":"https:\/\/econ.bilkent.edu.tr\/index.php?rest_route=%2Fwp%2Fv2%2Fcomments&post=4394"}],"version-history":[{"count":2,"href":"https:\/\/econ.bilkent.edu.tr\/index.php?rest_route=\/wp\/v2\/pages\/4394\/revisions"}],"predecessor-version":[{"id":4397,"href":"https:\/\/econ.bilkent.edu.tr\/index.php?rest_route=\/wp\/v2\/pages\/4394\/revisions\/4397"}],"up":[{"embeddable":true,"href":"https:\/\/econ.bilkent.edu.tr\/index.php?rest_route=\/wp\/v2\/pages\/50"}],"wp:attachment":[{"href":"https:\/\/econ.bilkent.edu.tr\/index.php?rest_route=%2Fwp%2Fv2%2Fmedia&parent=4394"}],"curies":[{"name":"wp","href":"https:\/\/api.w.org\/{rel}","templated":true}]}}